{"id":1036,"date":"2024-02-15T12:17:38","date_gmt":"2024-02-15T12:17:38","guid":{"rendered":"https:\/\/myprinter-bf.com\/aGeo\/wpAgeo\/?post_type=product&#038;p=1036"},"modified":"2024-02-15T12:43:31","modified_gmt":"2024-02-15T12:43:31","slug":"trepieds","status":"publish","type":"product","link":"https:\/\/africageomatic.com\/site\/product\/trepieds\/","title":{"rendered":"Tr\u00e9pieds"},"content":{"rendered":"<p>Le crit\u00e8re le plus important pour un bon tr\u00e9pied est sa stabilit\u00e9, plus pr\u00e9cis\u00e9ment sa rigidit\u00e9 en torsion. C\u2019est un argument de poids, mais ce n\u2019est pas le seul en faveur des tr\u00e9pieds d\u2019origine de Leica Geosystems. La stabilit\u00e9 en hauteur sous charge et la d\u00e9rive horizontale minime constituent d\u2019autres atouts. Sans oublier les avantages en mati\u00e8re de long\u00e9vit\u00e9, d\u2019amortissement des vibrations, de r\u00e9sistance \u00e0 l\u2019eau, de tenue au rayonnement solaire et de poids par rapport \u00e0 la capacit\u00e9 de charge.<\/p>\n<p>Le meilleur tr\u00e9pied pour votre application<br \/>\nLeica Geosystems propose un grand choix de tr\u00e9pieds de haute valeur pour tous les instruments et applications de topographie. La s\u00e9lection du tr\u00e9pied a une influence d\u00e9terminante sur l\u2019obtention de la pr\u00e9cision sp\u00e9cifi\u00e9e par le fabricant. \u00c0 titre indicatif : les expressions \u00ab conception lourde \u00bb et \u00ab conception l\u00e9g\u00e8re \u00bb sont reprises de la norme ISO 12858-2. Ces conceptions se diff\u00e9rencient par les exigences de stabilit\u00e9 et le poids de l\u2019instrument.<\/p>\n","protected":false},"excerpt":{"rendered":"<p>Le meilleur tr\u00e9pied pour votre application<\/p>\n","protected":false},"featured_media":1039,"comment_status":"open","ping_status":"closed","template":"","meta":{"_et_pb_use_builder":"","_et_pb_old_content":"","_et_gb_content_width":""},"product_brand":[],"product_cat":[38],"product_tag":[],"class_list":{"0":"post-1036","1":"product","2":"type-product","3":"status-publish","4":"has-post-thumbnail","6":"product_cat-accessoires","8":"first","9":"instock","10":"shipping-taxable","11":"product-type-simple"},"_links":{"self":[{"href":"https:\/\/africageomatic.com\/site\/wp-json\/wp\/v2\/product\/1036","targetHints":{"allow":["GET"]}}],"collection":[{"href":"https:\/\/africageomatic.com\/site\/wp-json\/wp\/v2\/product"}],"about":[{"href":"https:\/\/africageomatic.com\/site\/wp-json\/wp\/v2\/types\/product"}],"replies":[{"embeddable":true,"href":"https:\/\/africageomatic.com\/site\/wp-json\/wp\/v2\/comments?post=1036"}],"wp:featuredmedia":[{"embeddable":true,"href":"https:\/\/africageomatic.com\/site\/wp-json\/wp\/v2\/media\/1039"}],"wp:attachment":[{"href":"https:\/\/africageomatic.com\/site\/wp-json\/wp\/v2\/media?parent=1036"}],"wp:term":[{"taxonomy":"product_brand","embeddable":true,"href":"https:\/\/africageomatic.com\/site\/wp-json\/wp\/v2\/product_brand?post=1036"},{"taxonomy":"product_cat","embeddable":true,"href":"https:\/\/africageomatic.com\/site\/wp-json\/wp\/v2\/product_cat?post=1036"},{"taxonomy":"product_tag","embeddable":true,"href":"https:\/\/africageomatic.com\/site\/wp-json\/wp\/v2\/product_tag?post=1036"}],"curies":[{"name":"wp","href":"https:\/\/api.w.org\/{rel}","templated":true}]}}