{"id":1045,"date":"2024-02-15T13:34:24","date_gmt":"2024-02-15T13:34:24","guid":{"rendered":"https:\/\/myprinter-bf.com\/aGeo\/wpAgeo\/?post_type=product&#038;p=1045"},"modified":"2024-02-15T13:41:14","modified_gmt":"2024-02-15T13:41:14","slug":"reflecteurs","status":"publish","type":"product","link":"https:\/\/africageomatic.com\/site\/product\/reflecteurs\/","title":{"rendered":"R\u00e9flecteurs"},"content":{"rendered":"<p>La port\u00e9e d&rsquo;un prisme r\u00e9sulte, entre autres, de son rev\u00eatement et de la g\u00e9om\u00e9trie du verre. Un certain nombre de prismes originaux de Leica Geosystems sont dot\u00e9s d&rsquo;un rev\u00eatement sp\u00e9cial sur les surfaces r\u00e9fl\u00e9chissantes \u2013 le rev\u00eatement antireflet et d&rsquo;un rev\u00eatement de cuivre sur la face arri\u00e8re. Sans ceux-ci, la port\u00e9e des mesures de distance, ATR et Powersearch seraient r\u00e9duites jusqu&rsquo;\u00e0 30 %. La finition et la durabilit\u00e9 du rev\u00eatement en cuivre sont d\u00e9terminantes pour une longue dur\u00e9e de vie. Les dimensions du verre, la position dans le support et donc l&rsquo;orientation de la surface sont importantes pour la pr\u00e9cision des mesures.<\/p>\n<p>Un choix transparent<br \/>\nLeica Geosystems propose une s\u00e9lection transparente de prismes de diff\u00e9rentes tailles pour diff\u00e9rents domaines d&rsquo;application. Il s&rsquo;agit de prismes standards, de prismes sp\u00e9ciaux, de mini-prismes ainsi que de prismes de contr\u00f4le.<\/p>\n<p>Professional 5000\u00a0: LA PLUS HAUTE PR\u00c9CISION<br \/>\nProfessional 3000\u00a0:\u00a0DUR\u00c9E DE VIE MAXIMALE<br \/>\nProfessional 1000\u00a0: MESURE RENTABLE<\/p>\n<p>Pr\u00e9cision de centrage<br \/>\nDes erreurs de mesure se produisent si les supports de prisme d&rsquo;origine ne sont pas utilis\u00e9s. Les substituts ne sont pas configur\u00e9s selon les crit\u00e8res de Leica Geosystems et pr\u00e9sentent souvent un d\u00e9placement entre le prisme, le support et la broche d&rsquo;enregistrement. Le support et le prisme constituent une unit\u00e9 avec laquelle la pr\u00e9cision de centrage et de r\u00e9p\u00e9tition est d\u00e9finie. Le plus petit changement dimensionnel dans la g\u00e9om\u00e9trie d&rsquo;un prisme en verre ou sur le support peut entra\u00eener un \u00e9cart par rapport \u00e0 l&rsquo;axe de centrage et ainsi cr\u00e9er des erreurs de mesure.<\/p>\n<p>Gamme<br \/>\nLa d\u00e9viation du faisceau d&rsquo;un prisme d\u00e9finit sa port\u00e9e maximale, selon le principe \u00ab\u00a0le faisceau entrant doit \u00eatre \u00e9gal au faisceau sortant\u00a0\u00bb. Plus la d\u00e9viation du faisceau est petite (mesur\u00e9e en secondes d&rsquo;angle), plus la force du signal directement r\u00e9fl\u00e9chi vers l&rsquo;optique de l&rsquo;\u00e9metteur est grande. La qualit\u00e9 du signal renvoy\u00e9 d\u00e9finit la plage maximale d&rsquo;une mesure.<\/p>\n<p>Dur\u00e9e de vie<br \/>\nContrairement \u00e0 de nombreux prismes conventionnels, le rev\u00eatement de cuivre r\u00e9fl\u00e9chissant au verso des prismes Original se compose d&rsquo;un rev\u00eatement de support, d&rsquo;un rev\u00eatement de cuivre m\u00e9tallis\u00e9 sous vide, d&rsquo;un rev\u00eatement protecteur et d&rsquo;une couche de laque superpos\u00e9e. Le vernis adh\u00e9sif sp\u00e9cial prot\u00e8ge les couches sous-jacentes de la corrosion et du d\u00e9tachement. En travaillant ensemble, le rev\u00eatement en cuivre et la laque augmentent consid\u00e9rablement la dur\u00e9e de vie du prisme. Un rev\u00eatement antireflet suppl\u00e9mentaire sur la surface avant sensible du prisme offre une r\u00e9sistance \u00e9lev\u00e9e aux rayures. Le processus de production de ces rev\u00eatements est si complexe que seul un tr\u00e8s petit nombre de fabricants dans le monde r\u00e9pondent aux exigences des prismes originaux Leica.<\/p>\n<p>Pr\u00e9cision de mesure<br \/>\nDes erreurs de mesure se produisent fr\u00e9quemment \u00e0 courte distance lorsque des prismes sans rev\u00eatement antireflet sont utilis\u00e9s, car la face avant d&rsquo;un prisme refl\u00e8te toujours directement un certain pourcentage d&rsquo;un signal. Des erreurs se produisent lors de l&rsquo;utilisation de prismes sans rev\u00eatement de cuivre sur la face arri\u00e8re lorsque des gouttelettes d&rsquo;humidit\u00e9 s&rsquo;accumulent ou que le prisme devient embu\u00e9. Leica Geosystems utilise donc soit le rev\u00eatement r\u00e9fl\u00e9chissant indiqu\u00e9, soit un syst\u00e8me brevet\u00e9 pour \u00e9viter la bu\u00e9e et la condensation.<\/p>\n<p>Le prisme optimal pour votre application<br \/>\nLeica Geosystems propose une s\u00e9lection transparente de prismes de diff\u00e9rentes tailles pour diff\u00e9rents domaines d&rsquo;application. Il s&rsquo;agit de prismes standards, de prismes sp\u00e9ciaux, de mini-prismes ainsi que de prismes de contr\u00f4le.<\/p>\n","protected":false},"excerpt":{"rendered":"<p>Pr\u00e9cision et port\u00e9e maximales<\/p>\n","protected":false},"featured_media":1047,"comment_status":"open","ping_status":"closed","template":"","meta":{"_et_pb_use_builder":"","_et_pb_old_content":"","_et_gb_content_width":""},"product_brand":[],"product_cat":[38],"product_tag":[],"class_list":{"0":"post-1045","1":"product","2":"type-product","3":"status-publish","4":"has-post-thumbnail","6":"product_cat-accessoires","8":"first","9":"instock","10":"shipping-taxable","11":"product-type-simple"},"_links":{"self":[{"href":"https:\/\/africageomatic.com\/site\/wp-json\/wp\/v2\/product\/1045","targetHints":{"allow":["GET"]}}],"collection":[{"href":"https:\/\/africageomatic.com\/site\/wp-json\/wp\/v2\/product"}],"about":[{"href":"https:\/\/africageomatic.com\/site\/wp-json\/wp\/v2\/types\/product"}],"replies":[{"embeddable":true,"href":"https:\/\/africageomatic.com\/site\/wp-json\/wp\/v2\/comments?post=1045"}],"wp:featuredmedia":[{"embeddable":true,"href":"https:\/\/africageomatic.com\/site\/wp-json\/wp\/v2\/media\/1047"}],"wp:attachment":[{"href":"https:\/\/africageomatic.com\/site\/wp-json\/wp\/v2\/media?parent=1045"}],"wp:term":[{"taxonomy":"product_brand","embeddable":true,"href":"https:\/\/africageomatic.com\/site\/wp-json\/wp\/v2\/product_brand?post=1045"},{"taxonomy":"product_cat","embeddable":true,"href":"https:\/\/africageomatic.com\/site\/wp-json\/wp\/v2\/product_cat?post=1045"},{"taxonomy":"product_tag","embeddable":true,"href":"https:\/\/africageomatic.com\/site\/wp-json\/wp\/v2\/product_tag?post=1045"}],"curies":[{"name":"wp","href":"https:\/\/api.w.org\/{rel}","templated":true}]}}