{"id":1050,"date":"2024-02-15T13:42:22","date_gmt":"2024-02-15T13:42:22","guid":{"rendered":"https:\/\/myprinter-bf.com\/aGeo\/wpAgeo\/?post_type=product&#038;p=1050"},"modified":"2024-02-15T13:47:31","modified_gmt":"2024-02-15T13:47:31","slug":"sacs-et-conteneurs","status":"publish","type":"product","link":"https:\/\/africageomatic.com\/site\/product\/sacs-et-conteneurs\/","title":{"rendered":"Sacs et conteneurs"},"content":{"rendered":"<p>Les instruments et accessoires pr\u00e9cieux et sensibles sont prot\u00e9g\u00e9s de mani\u00e8re optimale dans les conteneurs et sacs Leica Geosystems. Les valises rigides sont soumises \u00e0 des tests de chute et prot\u00e8gent le contenu contre les chutes, la poussi\u00e8re et les projections d&rsquo;eau. Dans le m\u00eame temps, les conteneurs et sacs sont con\u00e7us pour une protection maximale et le meilleur confort de transport possible.<\/p>\n","protected":false},"excerpt":{"rendered":"<p>Protection maximale des instruments et accessoires<\/p>\n","protected":false},"featured_media":1051,"comment_status":"open","ping_status":"closed","template":"","meta":{"_et_pb_use_builder":"","_et_pb_old_content":"","_et_gb_content_width":""},"product_brand":[],"product_cat":[38],"product_tag":[],"class_list":{"0":"post-1050","1":"product","2":"type-product","3":"status-publish","4":"has-post-thumbnail","6":"product_cat-accessoires","8":"first","9":"instock","10":"shipping-taxable","11":"product-type-simple"},"_links":{"self":[{"href":"https:\/\/africageomatic.com\/site\/wp-json\/wp\/v2\/product\/1050","targetHints":{"allow":["GET"]}}],"collection":[{"href":"https:\/\/africageomatic.com\/site\/wp-json\/wp\/v2\/product"}],"about":[{"href":"https:\/\/africageomatic.com\/site\/wp-json\/wp\/v2\/types\/product"}],"replies":[{"embeddable":true,"href":"https:\/\/africageomatic.com\/site\/wp-json\/wp\/v2\/comments?post=1050"}],"wp:featuredmedia":[{"embeddable":true,"href":"https:\/\/africageomatic.com\/site\/wp-json\/wp\/v2\/media\/1051"}],"wp:attachment":[{"href":"https:\/\/africageomatic.com\/site\/wp-json\/wp\/v2\/media?parent=1050"}],"wp:term":[{"taxonomy":"product_brand","embeddable":true,"href":"https:\/\/africageomatic.com\/site\/wp-json\/wp\/v2\/product_brand?post=1050"},{"taxonomy":"product_cat","embeddable":true,"href":"https:\/\/africageomatic.com\/site\/wp-json\/wp\/v2\/product_cat?post=1050"},{"taxonomy":"product_tag","embeddable":true,"href":"https:\/\/africageomatic.com\/site\/wp-json\/wp\/v2\/product_tag?post=1050"}],"curies":[{"name":"wp","href":"https:\/\/api.w.org\/{rel}","templated":true}]}}