{"id":1055,"date":"2024-02-15T13:47:50","date_gmt":"2024-02-15T13:47:50","guid":{"rendered":"https:\/\/myprinter-bf.com\/aGeo\/wpAgeo\/?post_type=product&#038;p=1055"},"modified":"2024-02-15T13:55:12","modified_gmt":"2024-02-15T13:55:12","slug":"perches-tps-et-gnss","status":"publish","type":"product","link":"https:\/\/africageomatic.com\/site\/product\/perches-tps-et-gnss\/","title":{"rendered":"Perches TPS et GNSS"},"content":{"rendered":"<p>L\u2019utilisation d\u2019un poteau de construction professionnel de haute qualit\u00e9 est essentielle si vous souhaitez obtenir la pr\u00e9cision n\u00e9cessaire dans les applications d\u2019am\u00e9nagement actuelles. Gr\u00e2ce \u00e0 l&rsquo;utilisation de mat\u00e9riaux tels que le carbone et l&rsquo;aluminium, les perches originales de Leica Geosystems offrent un \u00e9quilibre optimal entre poids, stabilit\u00e9 et long\u00e9vit\u00e9.<\/p>\n<p>Le b\u00e2ton adapt\u00e9 \u00e0 votre t\u00e2che<br \/>\nLeica Geosystems vous propose une large s\u00e9lection de perches et d&rsquo;accessoires de grande valeur pour toutes les applications de mesure et d&rsquo;implantation. Le bon choix de p\u00f4le est d\u00e9cisif pour atteindre la pr\u00e9cision indiqu\u00e9e d&rsquo;un instrument. Les diff\u00e9rents accessoires de perche offrent une flexibilit\u00e9 sur site, rendant l&rsquo;utilisation du GNSS et de la station totale encore plus facile.<\/p>\n","protected":false},"excerpt":{"rendered":"<p>Construction l\u00e9g\u00e8re, haute stabilit\u00e9, qualit\u00e9 robuste<\/p>\n","protected":false},"featured_media":1056,"comment_status":"open","ping_status":"closed","template":"","meta":{"_et_pb_use_builder":"","_et_pb_old_content":"","_et_gb_content_width":""},"product_brand":[],"product_cat":[38],"product_tag":[],"class_list":{"0":"post-1055","1":"product","2":"type-product","3":"status-publish","4":"has-post-thumbnail","6":"product_cat-accessoires","8":"first","9":"instock","10":"shipping-taxable","11":"product-type-simple"},"_links":{"self":[{"href":"https:\/\/africageomatic.com\/site\/wp-json\/wp\/v2\/product\/1055","targetHints":{"allow":["GET"]}}],"collection":[{"href":"https:\/\/africageomatic.com\/site\/wp-json\/wp\/v2\/product"}],"about":[{"href":"https:\/\/africageomatic.com\/site\/wp-json\/wp\/v2\/types\/product"}],"replies":[{"embeddable":true,"href":"https:\/\/africageomatic.com\/site\/wp-json\/wp\/v2\/comments?post=1055"}],"wp:featuredmedia":[{"embeddable":true,"href":"https:\/\/africageomatic.com\/site\/wp-json\/wp\/v2\/media\/1056"}],"wp:attachment":[{"href":"https:\/\/africageomatic.com\/site\/wp-json\/wp\/v2\/media?parent=1055"}],"wp:term":[{"taxonomy":"product_brand","embeddable":true,"href":"https:\/\/africageomatic.com\/site\/wp-json\/wp\/v2\/product_brand?post=1055"},{"taxonomy":"product_cat","embeddable":true,"href":"https:\/\/africageomatic.com\/site\/wp-json\/wp\/v2\/product_cat?post=1055"},{"taxonomy":"product_tag","embeddable":true,"href":"https:\/\/africageomatic.com\/site\/wp-json\/wp\/v2\/product_tag?post=1055"}],"curies":[{"name":"wp","href":"https:\/\/api.w.org\/{rel}","templated":true}]}}