{"id":1060,"date":"2024-02-15T13:55:27","date_gmt":"2024-02-15T13:55:27","guid":{"rendered":"https:\/\/myprinter-bf.com\/aGeo\/wpAgeo\/?post_type=product&#038;p=1060"},"modified":"2024-04-30T11:33:02","modified_gmt":"2024-04-30T11:33:02","slug":"supports-de-stockage-de-donnees","status":"publish","type":"product","link":"https:\/\/africageomatic.com\/site\/product\/supports-de-stockage-de-donnees\/","title":{"rendered":"Supports de stockage de donn\u00e9es"},"content":{"rendered":"<p>Les supports de stockage Leica Geosystems sont parfaitement adapt\u00e9s aux instruments et capteurs Leica Geosystems. Par rapport aux appareils conventionnels du march\u00e9, qui lisent ou \u00e9crivent des donn\u00e9es uniques, ces instruments ont un principe de fonctionnement diff\u00e9rent. Les instruments TPS ou GNSS cr\u00e9ent une base de donn\u00e9es sur la carte m\u00e9moire et basculent constamment entre les diff\u00e9rents fichiers ouverts. Les cartes m\u00e9moire standard ne sont pas en mesure de g\u00e9rer cette fonction multit\u00e2che requise. Cela entra\u00eene des probl\u00e8mes de communication des donn\u00e9es et constitue l\u2019une des principales causes de perte de donn\u00e9es. En outre, les supports de stockage d&rsquo;origine fonctionnent \u00e9galement avec la plus grande fiabilit\u00e9 dans des temp\u00e9ratures extr\u00eames, des chocs de manipulation et une humidit\u00e9 \u00e9lev\u00e9e.<\/p>\n","protected":false},"excerpt":{"rendered":"<p>Stockage et transfert de donn\u00e9es s\u00e9curis\u00e9s<\/p>\n","protected":false},"featured_media":1062,"comment_status":"open","ping_status":"closed","template":"","meta":{"_et_pb_use_builder":"","_et_pb_old_content":"","_et_gb_content_width":""},"product_brand":[],"product_cat":[38],"product_tag":[],"class_list":{"0":"post-1060","1":"product","2":"type-product","3":"status-publish","4":"has-post-thumbnail","6":"product_cat-accessoires","8":"first","9":"instock","10":"shipping-taxable","11":"product-type-simple"},"_links":{"self":[{"href":"https:\/\/africageomatic.com\/site\/wp-json\/wp\/v2\/product\/1060","targetHints":{"allow":["GET"]}}],"collection":[{"href":"https:\/\/africageomatic.com\/site\/wp-json\/wp\/v2\/product"}],"about":[{"href":"https:\/\/africageomatic.com\/site\/wp-json\/wp\/v2\/types\/product"}],"replies":[{"embeddable":true,"href":"https:\/\/africageomatic.com\/site\/wp-json\/wp\/v2\/comments?post=1060"}],"wp:featuredmedia":[{"embeddable":true,"href":"https:\/\/africageomatic.com\/site\/wp-json\/wp\/v2\/media\/1062"}],"wp:attachment":[{"href":"https:\/\/africageomatic.com\/site\/wp-json\/wp\/v2\/media?parent=1060"}],"wp:term":[{"taxonomy":"product_brand","embeddable":true,"href":"https:\/\/africageomatic.com\/site\/wp-json\/wp\/v2\/product_brand?post=1060"},{"taxonomy":"product_cat","embeddable":true,"href":"https:\/\/africageomatic.com\/site\/wp-json\/wp\/v2\/product_cat?post=1060"},{"taxonomy":"product_tag","embeddable":true,"href":"https:\/\/africageomatic.com\/site\/wp-json\/wp\/v2\/product_tag?post=1060"}],"curies":[{"name":"wp","href":"https:\/\/api.w.org\/{rel}","templated":true}]}}