{"id":1063,"date":"2024-01-15T14:02:55","date_gmt":"2024-01-15T14:02:55","guid":{"rendered":"https:\/\/myprinter-bf.com\/aGeo\/wpAgeo\/?post_type=product&#038;p=1063"},"modified":"2024-04-30T11:32:09","modified_gmt":"2024-04-30T11:32:09","slug":"cables-de-transfert-de-donnees","status":"publish","type":"product","link":"https:\/\/africageomatic.com\/site\/product\/cables-de-transfert-de-donnees\/","title":{"rendered":"C\u00e2bles de transfert de donn\u00e9es"},"content":{"rendered":"<p>La gamme d&rsquo;accessoires Leica Geosystems comprend des c\u00e2bles de transfert de donn\u00e9es, des c\u00e2bles de tension \u00e9lectrique et des c\u00e2bles d&rsquo;antenne de la plus haute qualit\u00e9. Pour le transfert de donn\u00e9es, Leica Geosystems propose des c\u00e2bles de donn\u00e9es s\u00e9rie et USB. Le transfert de donn\u00e9es via le c\u00e2ble depuis et vers l&rsquo;instrument est donc extr\u00eamement fiable et s\u00e9curis\u00e9, m\u00eame en cas de chaleur, de froid, de neige et de pluie extr\u00eames.<\/p>\n<p>Tous les c\u00e2bles Leica Geosystems sont \u00e9quip\u00e9s de fiches LEMO\u00ae pour une utilisation en ext\u00e9rieur. Les connexions de pr\u00e9cision des leaders reconnus du march\u00e9 se retrouvent non seulement chez Leica Geosystems, mais \u00e9galement dans d&rsquo;autres applications o\u00f9 des exigences de qualit\u00e9 similaires sont impos\u00e9es, telles que l&rsquo;aviation, l&rsquo;a\u00e9rospatiale et les technologies m\u00e9dicales. Un autre \u00e9l\u00e9ment de qualit\u00e9 important du c\u00e2ble Leica Geosystems est son enveloppe. Il est construit de telle sorte que le c\u00e2ble peut \u00eatre stock\u00e9 \u00e0 des temp\u00e9ratures de \u201340\u00b0C \u00e0 +70\u00b0C et fonctionne de mani\u00e8re fiable \u00e0 des temp\u00e9ratures de fonctionnement de -20\u00b0C \u00e0 +55\u00b0C tout en restant \u00e9lastique lors de la manipulation. Enfin, m\u00eame s&rsquo;il n&rsquo;est pas visible de l&rsquo;ext\u00e9rieur, c&rsquo;est le mat\u00e9riau du c\u00e2ble qui d\u00e9termine la s\u00e9curit\u00e9 du transfert de donn\u00e9es. Le c\u00e2ble d&rsquo;origine contient uniquement une gaine de c\u00e2ble de grande valeur, un blindage test\u00e9 et des fils de Litz en cuivre hautement conducteurs. Dans d&rsquo;autres c\u00e2bles, comme les r\u00e9pliques \u00ab de type Leica \u00bb, on utilise des mat\u00e9riaux de qualit\u00e9 inf\u00e9rieure, parfois m\u00eame avec des fils de Litz en aluminium. Cet aspect \u00e0 lui seul peut conduire \u00e0 de fortes perturbations et \u00e0 des erreurs de transfert.<\/p>\n","protected":false},"excerpt":{"rendered":"<p>S\u00e9curit\u00e9 maximale m\u00eame dans des conditions extr\u00eames<\/p>\n","protected":false},"featured_media":1066,"comment_status":"open","ping_status":"closed","template":"","meta":{"_et_pb_use_builder":"","_et_pb_old_content":"","_et_gb_content_width":""},"product_brand":[],"product_cat":[38],"product_tag":[],"class_list":{"0":"post-1063","1":"product","2":"type-product","3":"status-publish","4":"has-post-thumbnail","6":"product_cat-accessoires","8":"first","9":"instock","10":"shipping-taxable","11":"product-type-simple"},"_links":{"self":[{"href":"https:\/\/africageomatic.com\/site\/wp-json\/wp\/v2\/product\/1063","targetHints":{"allow":["GET"]}}],"collection":[{"href":"https:\/\/africageomatic.com\/site\/wp-json\/wp\/v2\/product"}],"about":[{"href":"https:\/\/africageomatic.com\/site\/wp-json\/wp\/v2\/types\/product"}],"replies":[{"embeddable":true,"href":"https:\/\/africageomatic.com\/site\/wp-json\/wp\/v2\/comments?post=1063"}],"wp:featuredmedia":[{"embeddable":true,"href":"https:\/\/africageomatic.com\/site\/wp-json\/wp\/v2\/media\/1066"}],"wp:attachment":[{"href":"https:\/\/africageomatic.com\/site\/wp-json\/wp\/v2\/media?parent=1063"}],"wp:term":[{"taxonomy":"product_brand","embeddable":true,"href":"https:\/\/africageomatic.com\/site\/wp-json\/wp\/v2\/product_brand?post=1063"},{"taxonomy":"product_cat","embeddable":true,"href":"https:\/\/africageomatic.com\/site\/wp-json\/wp\/v2\/product_cat?post=1063"},{"taxonomy":"product_tag","embeddable":true,"href":"https:\/\/africageomatic.com\/site\/wp-json\/wp\/v2\/product_tag?post=1063"}],"curies":[{"name":"wp","href":"https:\/\/api.w.org\/{rel}","templated":true}]}}