{"id":129,"date":"2023-11-28T14:58:46","date_gmt":"2023-11-28T14:58:46","guid":{"rendered":"https:\/\/myprinter-bf.com\/aGeo\/wpAgeo\/?post_type=product&#038;p=129"},"modified":"2024-01-26T10:00:13","modified_gmt":"2024-01-26T10:00:13","slug":"niveaux-numeriques-leica-ls15-et-ls10","status":"publish","type":"product","link":"https:\/\/africageomatic.com\/site\/product\/niveaux-numeriques-leica-ls15-et-ls10\/","title":{"rendered":"Niveaux Num\u00e9riques Leica LS15 et LS10"},"content":{"rendered":"<p>Pr\u00e9cision, fiabilit\u00e9, simplicit\u00e9<br \/>\nPour les g\u00e9om\u00e8tres et les professionnels exp\u00e9riment\u00e9s de la mesure, une journ\u00e9e de lev\u00e9s de nivellement de haute pr\u00e9cision est non seulement stressante mais aussi extraordinairement complexe et r\u00e9p\u00e9titive. Les niveaux num\u00e9riques Leica LS15 et LS10 offrent l&rsquo;opportunit\u00e9 d&rsquo;all\u00e9ger ces t\u00e2ches de nivellement ardues. Les fonctions automatis\u00e9es et la pr\u00e9cision de 0.2 mm, la meilleure du march\u00e9, permettent aux utilisateurs de montrer facilement leurs comp\u00e9tences en mati\u00e8re de lev\u00e9s, tout en menant efficacement n&rsquo;importe quel projet.<\/p>\n<p>De la mise au point automatique aux \u00e9crans tactiles agenc\u00e9s clairement, le processus complet du lev\u00e9 est rendu plus efficace avec les niveaux num\u00e9riques LS15 et LS10. Les erreurs de nivellement courantes, comme une mauvaise lecture de la mire ou les erreurs de transcription, font partie du pass\u00e9. Ces solutions de nivellement fournissent les r\u00e9sultats les plus fiables, gr\u00e2ce aux flux imm\u00e9diatement compr\u00e9hensibles et aux visuels en couleur horodat\u00e9s, afin de faire des t\u00e2ches quotidiennes des professionnels une exp\u00e9rience plus agr\u00e9able.<\/p>\n<p>Les utilisateurs b\u00e9n\u00e9ficient de l&rsquo;exp\u00e9rience de Leica Geosystems en tant qu&rsquo;inventeur et principal fabricant de niveaux num\u00e9riques. Gr\u00e2ce \u00e0 ces solutions qui collectent les r\u00e9sultats plus rapidement et avec la plus grande exactitude possible, le niveau num\u00e9rique est perfectionn\u00e9 au point de devenir une forme d&rsquo;art.<\/p>\n","protected":false},"excerpt":{"rendered":"<p>Disponibilit\u00e9 du produit:\u00a0Produit en Stock<\/p>\n","protected":false},"featured_media":298,"comment_status":"open","ping_status":"closed","template":"","meta":{"_et_pb_use_builder":"","_et_pb_old_content":"","_et_gb_content_width":""},"product_brand":[],"product_cat":[21],"product_tag":[],"class_list":{"0":"post-129","1":"product","2":"type-product","3":"status-publish","4":"has-post-thumbnail","6":"product_cat-niveaux-numeriques","8":"first","9":"instock","10":"shipping-taxable","11":"product-type-simple"},"_links":{"self":[{"href":"https:\/\/africageomatic.com\/site\/wp-json\/wp\/v2\/product\/129","targetHints":{"allow":["GET"]}}],"collection":[{"href":"https:\/\/africageomatic.com\/site\/wp-json\/wp\/v2\/product"}],"about":[{"href":"https:\/\/africageomatic.com\/site\/wp-json\/wp\/v2\/types\/product"}],"replies":[{"embeddable":true,"href":"https:\/\/africageomatic.com\/site\/wp-json\/wp\/v2\/comments?post=129"}],"wp:featuredmedia":[{"embeddable":true,"href":"https:\/\/africageomatic.com\/site\/wp-json\/wp\/v2\/media\/298"}],"wp:attachment":[{"href":"https:\/\/africageomatic.com\/site\/wp-json\/wp\/v2\/media?parent=129"}],"wp:term":[{"taxonomy":"product_brand","embeddable":true,"href":"https:\/\/africageomatic.com\/site\/wp-json\/wp\/v2\/product_brand?post=129"},{"taxonomy":"product_cat","embeddable":true,"href":"https:\/\/africageomatic.com\/site\/wp-json\/wp\/v2\/product_cat?post=129"},{"taxonomy":"product_tag","embeddable":true,"href":"https:\/\/africageomatic.com\/site\/wp-json\/wp\/v2\/product_tag?post=129"}],"curies":[{"name":"wp","href":"https:\/\/api.w.org\/{rel}","templated":true}]}}