{"id":134,"date":"2023-11-28T15:26:07","date_gmt":"2023-11-28T15:26:07","guid":{"rendered":"https:\/\/myprinter-bf.com\/aGeo\/wpAgeo\/?post_type=product&#038;p=134"},"modified":"2024-01-26T09:59:55","modified_gmt":"2024-01-26T09:59:55","slug":"leica-flexline-ts10","status":"publish","type":"product","link":"https:\/\/africageomatic.com\/site\/product\/leica-flexline-ts10\/","title":{"rendered":"Leica FlexLine TS10"},"content":{"rendered":"<p>La Leica FlexLine TS10 est une station totale manuelle haut de gamme, vous permettant d&rsquo;effectuer des taches de haute pr\u00e9cision avec le logiciel Leica Captivate. Elle vous permet de vous connecter au flux de donn\u00e9es 3D moderne, comprenant une cr\u00e9ation de ligne et un codage am\u00e9lior\u00e9s.<\/p>\n<p>La TS10 r\u00e9sout des d\u00e9fis professionnels quotidiens pour r\u00e9pondre aux demandes croissantes dans la topographie, la cartographie, la construction et le g\u00e9nie civil :<\/p>\n<ul>\n<li><strong>Les directeurs des d\u00e9partements de construction<\/strong>\u00a0ont besoin de temps d&rsquo;arr\u00eat minimum de vos \u00e9quipes sur le terrain pour garantir des projets dans les d\u00e9lais et les budgets impartis.<\/li>\n<li><strong>Les g\u00e9om\u00e8tres<\/strong>\u00a0peuvent s\u2019appuyer sur la plus grande dur\u00e9e de vie du produit sur le march\u00e9, ce qui augmente la certitude de votre planification.<\/li>\n<li><strong>Les g\u00e9om\u00e8tres<\/strong>\u00a0travaillent plus vite en mesurant plus de points par jour en r\u00e9duisant le nombre d\u2019erreurs de mesure et de reprises.<\/li>\n<\/ul>\n<p><strong>Leica FlexLine : La nouvelle g\u00e9n\u00e9ration de stations totales manuelles<\/strong><br \/>\nLes stations totales manuelles Leica FlexLine sont bas\u00e9es sur un concept de produit \u00e9prouv\u00e9 qui r\u00e9volutionne le monde de la mesure et du lev\u00e9 depuis pr\u00e8s de 200 ans. Contrairement aux autres stations totales manuelles sur le march\u00e9, les stations totales manuelles Leica Geosystems ont pour objectif de fournir la plus haute qualit\u00e9, le co\u00fbt d&rsquo;exploitation le plus faible et la plus longue dur\u00e9e de vie permettant aux utilisateurs de travailler avec des solutions adapt\u00e9es \u00e0 leurs performances.<\/p>\n<p><strong>AutoHeight : Mesure r\u00e9volutionnaire de la hauteur de l&rsquo;instrument<\/strong><br \/>\nLa TS10 est la premi\u00e8re station au monde \u00e0 proposer la nouvelle fonction r\u00e9volutionnaire : AutoHeight. Cette fonction permet \u00e0 la station totale manuelle FlexLine TS10 de mesurer, lire et r\u00e9gler automatiquement la hauteur de l\u2019instrument. \u00c9vitez des efforts manuels fastidieux et \u00e9liminez les erreurs critiques lors de la mise en station de l&rsquo;instrument lorsque gr\u00e2ce \u00e0 cette fonction r\u00e9volutionnaire qui utilise un laser de l&rsquo;instrument pour effectuer une mesure au sol et transmettre automatiquement la mesure au logiciel.<\/p>\n<p><strong>Logiciel Leica Captivate : intuitif et facile \u00e0 utiliser<\/strong><br \/>\nLa Leica TS10 fonctionne avec le logiciel terrain\u00a0<a href=\"https:\/\/leica-geosystems.com\/fr-FR\/products\/total-stations\/software\/leica-captivate\">Leica Captivate<\/a>. Ce logiciel intuitif aide \u00e0 mesurer davantage de points par jour et est capable de transformer les donn\u00e9es complexes en mod\u00e8les 3D, les plus r\u00e9alistes et les plus facile \u00e0 travailler.<\/p>\n<p><strong>Service client accessible en un clic<\/strong><br \/>\nD\u00e9sormais, avec un acc\u00e8s Internet mobile en option, la TS10 se connecte au bureau pour un flux de donn\u00e9es transparent, ainsi qu\u2019au service mondial et au support de Leica Geosystems en appuyant simplement sur un bouton. Avec le programme\u00a0<a href=\"https:\/\/leica-geosystems.com\/fr-FR\/services-and-support\/customer-support-services\/active-customer-care\">Active Customer Care<\/a>\u00a0(ACC) et au portail\u00a0<a href=\"https:\/\/leica-geosystems.com\/fr-FR\/services-and-support\/product-services\/myworld---customer-portal\">My World<\/a>, les utilisateurs ont acc\u00e8s aux derni\u00e8res mises \u00e0 jour logicielles ainsi qu\u2019\u00e0 MySecurity. Avec l\u2019activation de MySecurity, le m\u00e9canisme de verrouillage garantit la d\u00e9sactivation de l&rsquo;appareil et son inutilisation.<\/p>\n<p>\u200b\u200b\u200b\u200b\u200b\u200b\u200b<\/p>\n<h3 class=\"heading-style-3 visible-first\">TRAVAILLEZ PLUS VITE<\/h3>\n<p>Mesurez plus de points par jour gr\u00e2ce \u00e0 des mesures plus rapides et des proc\u00e9dures d\u2018implantation, support\u00e9es par le logiciel de terrain Leica Captivate. Le logiciel est con\u00e7u pour rendre votre travail plus facile et plus agr\u00e9able.<\/p>\n<h3 class=\"heading-style-3 visible-first\">UTILISEZ-LA AVEC FACILIT\u00c9<\/h3>\n<p>Augmentez la productivit\u00e9 et minimisez les temps d\u2019arr\u00eat en vous appuyant sur des instruments qui tout simplement fonctionnent et sont livr\u00e9s avec un r\u00e9seau mondial de service et d\u2019assistance.<\/p>\n<h3 class=\"heading-style-3 visible-first\">CHOISISSEZ LES PRODUITS QUI SONT CONSTRUITS POUR DURER<\/h3>\n<p>M\u00eame apr\u00e8s des ann\u00e9es d\u2019utilisation dans des conditions difficiles (comme la boue, la poussi\u00e8re, la pluie battante, la chaleur extr\u00eame et le froid), les stations totales FlexLine<br \/>\nfonctionnent toujours avec le m\u00eame haut niveau de qualit\u00e9.<\/p>\n<h3 class=\"heading-style-3 visible-first\">CONTR\u00d4LEZ VOTRE INVESTISSEMENT<\/h3>\n<p>La fiabilit\u00e9, la vitesse et la pr\u00e9cision garantissent un investissement plus faible sur la dur\u00e9e de vie du produit et une valeur de revente plus \u00e9lev\u00e9e.<\/p>\n<h3 class=\"heading-style-3 visible-first\">PROFITEZ DE LA CONNEXION INTERNET MOBILE<\/h3>\n<p>Gr\u00e2ce \u00e0 l&rsquo;acc\u00e8s Internet mobile en option, vous pouvez partager vos donn\u00e9es en ligne beaucoup plus rapidement, recevoir des donn\u00e9es de conception du bureau sur le terrain et utiliser les services de Leica Geosystems, tels que Leica Exchange ou Leica Active Assist.<\/p>\n<h3 class=\"heading-style-3 visible-first\">GAGNEZ DU TEMPS AVEC AUTOHEIGHT<\/h3>\n<p>Cette fonction r\u00e9volutionnaire permet \u00e0 la station totale manuelle FlexLine TS10 de mesurer, lire et r\u00e9gler automatiquement la hauteur de l\u2019instrument. Les erreurs sont minimis\u00e9es et le processus de mise en station est plus rapide.<\/p>\n","protected":false},"excerpt":{"rendered":"<p>Disponibilit\u00e9 du produit: Produit en Stock<\/p>\n","protected":false},"featured_media":345,"comment_status":"open","ping_status":"closed","template":"","meta":{"_et_pb_use_builder":"","_et_pb_old_content":"","_et_gb_content_width":""},"product_brand":[],"product_cat":[17],"product_tag":[],"class_list":{"0":"post-134","1":"product","2":"type-product","3":"status-publish","4":"has-post-thumbnail","6":"product_cat-station-totales-manuelles","8":"first","9":"instock","10":"shipping-taxable","11":"product-type-simple"},"_links":{"self":[{"href":"https:\/\/africageomatic.com\/site\/wp-json\/wp\/v2\/product\/134","targetHints":{"allow":["GET"]}}],"collection":[{"href":"https:\/\/africageomatic.com\/site\/wp-json\/wp\/v2\/product"}],"about":[{"href":"https:\/\/africageomatic.com\/site\/wp-json\/wp\/v2\/types\/product"}],"replies":[{"embeddable":true,"href":"https:\/\/africageomatic.com\/site\/wp-json\/wp\/v2\/comments?post=134"}],"wp:featuredmedia":[{"embeddable":true,"href":"https:\/\/africageomatic.com\/site\/wp-json\/wp\/v2\/media\/345"}],"wp:attachment":[{"href":"https:\/\/africageomatic.com\/site\/wp-json\/wp\/v2\/media?parent=134"}],"wp:term":[{"taxonomy":"product_brand","embeddable":true,"href":"https:\/\/africageomatic.com\/site\/wp-json\/wp\/v2\/product_brand?post=134"},{"taxonomy":"product_cat","embeddable":true,"href":"https:\/\/africageomatic.com\/site\/wp-json\/wp\/v2\/product_cat?post=134"},{"taxonomy":"product_tag","embeddable":true,"href":"https:\/\/africageomatic.com\/site\/wp-json\/wp\/v2\/product_tag?post=134"}],"curies":[{"name":"wp","href":"https:\/\/api.w.org\/{rel}","templated":true}]}}