{"id":239,"date":"2023-11-30T16:53:43","date_gmt":"2023-11-30T16:53:43","guid":{"rendered":"https:\/\/myprinter-bf.com\/aGeo\/wpAgeo\/?post_type=product&#038;p=239"},"modified":"2024-01-26T09:59:40","modified_gmt":"2024-01-26T09:59:40","slug":"leica-sprinter-150m-niveaux-numeriques","status":"publish","type":"product","link":"https:\/\/africageomatic.com\/site\/product\/leica-sprinter-150m-niveaux-numeriques\/","title":{"rendered":"Leica Sprinter 150M &#8211; Niveaux num\u00e9riques"},"content":{"rendered":"<p><strong>Niveaux num\u00e9riques les plus performants et m\u00e9moire embarqu\u00e9e<\/strong><br \/>\nAugmentez votre productivit\u00e9 avec les niveaux Leica Sprinter M. Toutes les mesures sont enregistr\u00e9es dans l&rsquo;ordre du lev\u00e9 et peuvent \u00eatre t\u00e9l\u00e9charg\u00e9es pour des calculs compl\u00e9mentaires sur Microsoft Excel\u00ae sur votre PC. Les diff\u00e9rentes options de calcul vous donnent beaucoup de flexibilit\u00e9. Ces niveaux num\u00e9riques facilitent vos travaux de cheminement de mani\u00e8re significative.<\/p>\n<p><strong>Am\u00e9liorez votre productivit\u00e9<\/strong><br \/>\n\u00c9vitez les erreurs de transcription et am\u00e9liorez votre flux de travail. Stockez jusqu&rsquo;\u00e0 2 000 mesures et t\u00e9l\u00e9chargez-les sur votre ordinateur personnel via le port USB. Le Sprinter DataLoader garantit un transfert de donn\u00e9es fluide vers Microsoft Excel\u00ae. Vous pouvez aussi transmettre les mesures \u00e0 un disque dur externe via l&rsquo;interface RS232.<\/p>\n<p><strong>Application tr\u00e8s flexible<\/strong><br \/>\nSoyez pr\u00eat pour tous les types de projet de cheminement avec les programmes de calcul automatique du Leica Sprinter M. Les programmes pour:<\/p>\n<p><strong>Diff\u00e9rence de hauteur<\/strong>\u00a0&#8211; Cette fonction calcule la d\u00e9nivel\u00e9e entre des points. Entrez la valeur de r\u00e9f\u00e9rence, mesurez en vis\u00e9e arri\u00e8re, puis les diff\u00e9rentes cibles (vis\u00e9es avant) pour obtenir des calculs pr\u00e9cis. La diff\u00e9rence de hauteur est toujours calcul\u00e9e et affich\u00e9e.<br \/>\nCheminement &#8211; Choisissez le projet de cheminement adapt\u00e9 \u00e0 votre travail: vis\u00e9es arri\u00e8re et avant ou vis\u00e9es interm\u00e9diaires. Entrez la r\u00e9f\u00e9rence initiale, mesurez en vis\u00e9e arri\u00e8re, interm\u00e9diaire et avant jusqu&rsquo;\u00e0 ce que vous ayez atteint le point final. Toutes les mesures seront enregistr\u00e9es dans l&rsquo;ordre appropri\u00e9.<br \/>\nD\u00e9blai et remblai &#8211; Cette application int\u00e9gr\u00e9e indique les r\u00e9sultats de d\u00e9blai et remblai sur un niveau de r\u00e9f\u00e9rence. Entrez les r\u00e9f\u00e9rences requises. Effectuez la vis\u00e9e arri\u00e8re et d\u00e9marrez la mesure. Le programme affichera les r\u00e9sultats de d\u00e9blai et remblai, d\u00e9nivel\u00e9es, par rapport \u00e0 ce niveau de r\u00e9f\u00e9rence.<br \/>\nTerminer avec une mesure continue et un contr\u00f4le pr\u00e9cis pour faciliter votre projet de cheminement de mani\u00e8re significative.<\/p>\n","protected":false},"excerpt":{"rendered":"<p>Disponibilit\u00e9 du produit:\u00a0Produit en Stock<\/p>\n","protected":false},"featured_media":322,"comment_status":"open","ping_status":"closed","template":"","meta":{"_et_pb_use_builder":"off","_et_pb_old_content":"<audio class=\"audio-for-speech\"><\/audio>\r\n<div class=\"translate-tooltip-mtz translator-hidden\">\r\n<div class=\"header\">\r\n<div class=\"header-controls\">Translator<\/div>\r\n<div class=\"header-controls\"><\/div>\r\n<div class=\"header-controls\"><\/div>\r\n<\/div>\r\n<div class=\"translated-text\">\r\n<div class=\"words\"><\/div>\r\n<div class=\"sentences\"><\/div>\r\n<\/div>\r\n<\/div>\r\n<audio class=\"audio-for-speech\"><\/audio>\r\n<div class=\"translate-tooltip-mtz green sm-root translate hidden_translate\">\r\n<div class=\"header-wrapper\">\r\n<div class=\"header-controls\"><\/div>\r\n<div class=\"header-title\">translator<\/div>\r\n<div class=\"translate-icons\"><img class=\"from\" \/> <img class=\"translate-arrow\" src=\"\/\/bebmphofpgkhclocdbgomhnjcpelbenh\/images\/right-arrow.png\" \/>\r\n<div class=\"translate_to_dropdown\"><button id=\"dropdownMenuButton1\" class=\"dropbtn dropdown-toggle\" type=\"button\" aria-expanded=\"false\"><\/button>\r\n<ul class=\"dropdown-content-wrapper languageSelector green\">\r\n \t<li><a class=\"dropdown-item\" data-lang=\"af\">Afrikaans<\/a><\/li>\r\n \t<li><a class=\"dropdown-item\" data-lang=\"sq\">Albanian - shqipe<\/a><\/li>\r\n \t<li><a class=\"dropdown-item\" data-lang=\"ar\">Arabic - \u200e\u202b\u0627\u0644\u0639\u0631\u0628\u064a\u0629\u202c\u200e<\/a><\/li>\r\n \t<li><a class=\"dropdown-item\" data-lang=\"hy\">Armenian - \u0540\u0561\u0575\u0565\u0580\u0567\u0576<\/a><\/li>\r\n \t<li><a class=\"dropdown-item\" data-lang=\"az\">Azerbaijani - az\u0259rbaycanca<\/a><\/li>\r\n \t<li><a class=\"dropdown-item\" data-lang=\"eu\">Basque - euskara<\/a><\/li>\r\n \t<li><a class=\"dropdown-item\" data-lang=\"be\">Belarusian - \u0431\u0435\u043b\u0430\u0440\u0443\u0441\u043a\u0430\u044f<\/a><\/li>\r\n \t<li><a class=\"dropdown-item\" data-lang=\"bn\">Bengali - \u09ac\u09be\u0982\u09b2\u09be<\/a><\/li>\r\n \t<li><a class=\"dropdown-item\" data-lang=\"bg\">Bulgarian - \u0431\u044a\u043b\u0433\u0430\u0440\u0441\u043a\u0438<\/a><\/li>\r\n \t<li><a class=\"dropdown-item\" data-lang=\"ca\">Catalan - catal\u00e0<\/a><\/li>\r\n \t<li><a class=\"dropdown-item\" data-lang=\"zh-CN\">Chinese - \u4e2d\u6587\uff08\u7b80\u4f53\u4e2d\u6587\uff09<\/a><\/li>\r\n \t<li><a class=\"dropdown-item\" data-lang=\"zh-TW\">Chinese - \u4e2d\u6587 (\u7e41\u9ad4\u4e2d\u6587)<\/a><\/li>\r\n \t<li><a class=\"dropdown-item\" data-lang=\"hr\">Croatian - hrvatski<\/a><\/li>\r\n \t<li><a class=\"dropdown-item\" data-lang=\"cs\">Czech - \u010de\u0161tina<\/a><\/li>\r\n \t<li><a class=\"dropdown-item\" data-lang=\"da\">Danish - dansk<\/a><\/li>\r\n \t<li><a class=\"dropdown-item\" data-lang=\"nl\">Dutch - Nederlands<\/a><\/li>\r\n \t<li><a class=\"dropdown-item\" data-lang=\"en\">English<\/a><\/li>\r\n \t<li><a class=\"dropdown-item\" data-lang=\"eo\">Esperanto - esperanto<\/a><\/li>\r\n \t<li><a class=\"dropdown-item\" data-lang=\"et\">Estonian - eesti<\/a><\/li>\r\n \t<li><a class=\"dropdown-item\" data-lang=\"tl\">Filipino<\/a><\/li>\r\n \t<li><a class=\"dropdown-item\" data-lang=\"fi\">Finnish - suomi<\/a><\/li>\r\n \t<li><a class=\"dropdown-item\" data-lang=\"fr\">French - fran\u00e7ais<\/a><\/li>\r\n \t<li><a class=\"dropdown-item\" data-lang=\"gl\">Galician - galego<\/a><\/li>\r\n \t<li><a class=\"dropdown-item\" data-lang=\"ka\">Georgian - \u10e5\u10d0\u10e0\u10d7\u10e3\u10da\u10d8<\/a><\/li>\r\n \t<li><a class=\"dropdown-item\" data-lang=\"de\">German - Deutsch<\/a><\/li>\r\n \t<li><a class=\"dropdown-item\" data-lang=\"el\">Greek - \u0395\u03bb\u03bb\u03b7\u03bd\u03b9\u03ba\u03ac<\/a><\/li>\r\n \t<li><a class=\"dropdown-item\" data-lang=\"gu\">Gujarati - \u0a97\u0ac1\u0a9c\u0ab0\u0abe\u0aa4\u0ac0<\/a><\/li>\r\n \t<li><a class=\"dropdown-item\" data-lang=\"ht\">Haitian Creole - krey\u00f2l ayisyen<\/a><\/li>\r\n \t<li><a class=\"dropdown-item\" data-lang=\"iw\">Hebrew - \u200e\u202b\u05e2\u05d1\u05e8\u05d9\u05ea\u202c\u200e<\/a><\/li>\r\n \t<li><a class=\"dropdown-item\" data-lang=\"hi\">Hindi - \u0939\u093f\u0928\u094d\u0926\u0940<\/a><\/li>\r\n \t<li><a class=\"dropdown-item\" data-lang=\"hu\">Hungarian - magyar<\/a><\/li>\r\n \t<li><a class=\"dropdown-item\" data-lang=\"is\">Icelandic - \u00edslenska<\/a><\/li>\r\n \t<li><a class=\"dropdown-item\" data-lang=\"id\">Indonesian - Bahasa Indonesia<\/a><\/li>\r\n \t<li><a class=\"dropdown-item\" data-lang=\"ga\">Irish - Gaeilge<\/a><\/li>\r\n \t<li><a class=\"dropdown-item\" data-lang=\"it\">Italian - italiano<\/a><\/li>\r\n \t<li><a class=\"dropdown-item\" data-lang=\"ja\">Japanese - \u65e5\u672c\u8a9e<\/a><\/li>\r\n \t<li><a class=\"dropdown-item\" data-lang=\"kn\">Kannada - \u0c95\u0ca8\u0ccd\u0ca8\u0ca1<\/a><\/li>\r\n \t<li><a class=\"dropdown-item\" data-lang=\"ko\">Korean - \ud55c\uad6d\uc5b4<\/a><\/li>\r\n \t<li><a class=\"dropdown-item\" data-lang=\"la\">Latin - Lingua Latina<\/a><\/li>\r\n \t<li><a class=\"dropdown-item\" data-lang=\"lv\">Latvian - latvie\u0161u<\/a><\/li>\r\n \t<li><a class=\"dropdown-item\" data-lang=\"lt\">Lithuanian - lietuvi\u0173<\/a><\/li>\r\n \t<li><a class=\"dropdown-item\" data-lang=\"mk\">Macedonian - \u043c\u0430\u043a\u0435\u0434\u043e\u043d\u0441\u043a\u0438<\/a><\/li>\r\n \t<li><a class=\"dropdown-item\" data-lang=\"ms\">Malay - Bahasa Melayu<\/a><\/li>\r\n \t<li><a class=\"dropdown-item\" data-lang=\"mt\">Maltese - Malti<\/a><\/li>\r\n \t<li><a class=\"dropdown-item\" data-lang=\"no\">Norwegian - norsk<\/a><\/li>\r\n \t<li><a class=\"dropdown-item\" data-lang=\"fa\">Persian - \u200e\u202b\u0641\u0627\u0631\u0633\u06cc\u202c\u200e<\/a><\/li>\r\n \t<li><a class=\"dropdown-item\" data-lang=\"pl\">Polish - polski<\/a><\/li>\r\n \t<li><a class=\"dropdown-item\" data-lang=\"pt\">Portuguese - portugu\u00eas<\/a><\/li>\r\n \t<li><a class=\"dropdown-item\" data-lang=\"ro\">Romanian - rom\u00e2n\u0103<\/a><\/li>\r\n \t<li><a class=\"dropdown-item\" data-lang=\"ru\">Russian - \u0440\u0443\u0441\u0441\u043a\u0438\u0439<\/a><\/li>\r\n \t<li><a class=\"dropdown-item\" data-lang=\"sr\">Serbian - \u0421\u0440\u043f\u0441\u043a\u0438<\/a><\/li>\r\n \t<li><a class=\"dropdown-item\" data-lang=\"sk\">Slovak - sloven\u010dina<\/a><\/li>\r\n \t<li><a class=\"dropdown-item\" data-lang=\"sl\">Slovenian - sloven\u0161\u010dina<\/a><\/li>\r\n \t<li><a class=\"dropdown-item\" data-lang=\"es\">Spanish - espa\u00f1ol<\/a><\/li>\r\n \t<li><a class=\"dropdown-item\" data-lang=\"sw\">Swahili - Kiswahili<\/a><\/li>\r\n \t<li><a class=\"dropdown-item\" data-lang=\"sv\">Swedish - svenska<\/a><\/li>\r\n \t<li><a class=\"dropdown-item\" data-lang=\"ta\">Tamil - \u0ba4\u0bae\u0bbf\u0bb4\u0bcd<\/a><\/li>\r\n \t<li><a class=\"dropdown-item\" data-lang=\"te\">Telugu - \u0c24\u0c46\u0c32\u0c41\u0c17\u0c41<\/a><\/li>\r\n \t<li><a class=\"dropdown-item\" data-lang=\"th\">Thai - \u0e44\u0e17\u0e22<\/a><\/li>\r\n \t<li><a class=\"dropdown-item\" data-lang=\"tr\">Turkish - T\u00fcrk\u00e7e<\/a><\/li>\r\n \t<li><a class=\"dropdown-item\" data-lang=\"uk\">Ukrainian - \u0443\u043a\u0440\u0430\u0457\u043d\u0441\u044c\u043a\u0430<\/a><\/li>\r\n \t<li><a class=\"dropdown-item\" data-lang=\"ur\">Urdu - \u200e\u202b\u0627\u0631\u062f\u0648\u202c\u200e<\/a><\/li>\r\n \t<li><a class=\"dropdown-item\" data-lang=\"vi\">Vietnamese - Ti\u1ebfng Vi\u1ec7t<\/a><\/li>\r\n \t<li><a class=\"dropdown-item\" data-lang=\"cy\">Welsh - Cymraeg<\/a><\/li>\r\n \t<li><a class=\"dropdown-item\" data-lang=\"yi\">Yiddish - \u05d9\u05d9\u05d3\u05d9\u05e9<\/a><\/li>\r\n<\/ul>\r\n<\/div>\r\n<\/div>\r\n<\/div>\r\n<div class=\"translated-text\">\r\n<div id=\"translator-words\" class=\"words\"><\/div>\r\n<div class=\"sentences green\"><\/div>\r\n<\/div>\r\n<div class=\"trans_controls\">\r\n<div class=\"trans_controls__control-wrapper double_click\">\r\n<div class=\"trans_controls__inner-circle\"><\/div>\r\n<span class=\"trans_controls__description\"> Double-click <\/span><\/div>\r\n<div class=\"trans_controls__control-wrapper selection\">\r\n<div class=\"trans_controls__inner-circle\"><\/div>\r\n<span class=\"trans_controls__description\"> Select to translate <\/span><\/div>\r\n<\/div>\r\n<\/div>\r\n<audio class=\"audio-for-speech\"><\/audio>\r\n<div class=\"translate-tooltip-mtz translator-hidden\">\r\n<div class=\"header\">\r\n<div class=\"header-controls\">Translator<\/div>\r\n<div class=\"header-controls\"><\/div>\r\n<div class=\"header-controls\"><\/div>\r\n<\/div>\r\n<div class=\"translated-text\">\r\n<div class=\"words\"><\/div>\r\n<div class=\"sentences\"><\/div>\r\n<\/div>\r\n<\/div>\r\n<audio class=\"audio-for-speech\"><\/audio>\r\n<div class=\"translate-tooltip-mtz green sm-root translate hidden_translate\">\r\n<div class=\"header-wrapper\">\r\n<div class=\"header-controls\"><\/div>\r\n<div class=\"header-title\">translator<\/div>\r\n<div class=\"translate-icons\">\r\n\r\n<img class=\"from\" \/> <img class=\"translate-arrow\" src=\"\/\/bebmphofpgkhclocdbgomhnjcpelbenh\/images\/right-arrow.png\" \/>\r\n<div class=\"translate_to_dropdown\">\r\n\r\n\u00a0\r\n<ul class=\"dropdown-content-wrapper languageSelector green\">\r\n \t<li><a class=\"dropdown-item\" data-lang=\"af\">Afrikaans<\/a><\/li>\r\n \t<li><a class=\"dropdown-item\" data-lang=\"sq\">Albanian - shqipe<\/a><\/li>\r\n \t<li><a class=\"dropdown-item\" data-lang=\"ar\">Arabic - \u200e\u202b\u0627\u0644\u0639\u0631\u0628\u064a\u0629\u202c\u200e<\/a><\/li>\r\n \t<li><a class=\"dropdown-item\" data-lang=\"hy\">Armenian - \u0540\u0561\u0575\u0565\u0580\u0567\u0576<\/a><\/li>\r\n \t<li><a class=\"dropdown-item\" data-lang=\"az\">Azerbaijani - az\u0259rbaycanca<\/a><\/li>\r\n \t<li><a class=\"dropdown-item\" data-lang=\"eu\">Basque - euskara<\/a><\/li>\r\n \t<li><a class=\"dropdown-item\" data-lang=\"be\">Belarusian - \u0431\u0435\u043b\u0430\u0440\u0443\u0441\u043a\u0430\u044f<\/a><\/li>\r\n \t<li><a class=\"dropdown-item\" data-lang=\"bn\">Bengali - \u09ac\u09be\u0982\u09b2\u09be<\/a><\/li>\r\n \t<li><a class=\"dropdown-item\" data-lang=\"bg\">Bulgarian - \u0431\u044a\u043b\u0433\u0430\u0440\u0441\u043a\u0438<\/a><\/li>\r\n \t<li><a class=\"dropdown-item\" data-lang=\"ca\">Catalan - catal\u00e0<\/a><\/li>\r\n \t<li><a class=\"dropdown-item\" data-lang=\"zh-CN\">Chinese - \u4e2d\u6587\uff08\u7b80\u4f53\u4e2d\u6587\uff09<\/a><\/li>\r\n \t<li><a class=\"dropdown-item\" data-lang=\"zh-TW\">Chinese - \u4e2d\u6587 (\u7e41\u9ad4\u4e2d\u6587)<\/a><\/li>\r\n \t<li><a class=\"dropdown-item\" data-lang=\"hr\">Croatian - hrvatski<\/a><\/li>\r\n \t<li><a class=\"dropdown-item\" data-lang=\"cs\">Czech - \u010de\u0161tina<\/a><\/li>\r\n \t<li><a class=\"dropdown-item\" data-lang=\"da\">Danish - dansk<\/a><\/li>\r\n \t<li><a class=\"dropdown-item\" data-lang=\"nl\">Dutch - Nederlands<\/a><\/li>\r\n \t<li><a class=\"dropdown-item\" data-lang=\"en\">English<\/a><\/li>\r\n \t<li><a class=\"dropdown-item\" data-lang=\"eo\">Esperanto - esperanto<\/a><\/li>\r\n \t<li><a class=\"dropdown-item\" data-lang=\"et\">Estonian - eesti<\/a><\/li>\r\n \t<li><a class=\"dropdown-item\" data-lang=\"tl\">Filipino<\/a><\/li>\r\n \t<li><a class=\"dropdown-item\" data-lang=\"fi\">Finnish - suomi<\/a><\/li>\r\n \t<li><a class=\"dropdown-item\" data-lang=\"fr\">French - fran\u00e7ais<\/a><\/li>\r\n \t<li><a class=\"dropdown-item\" data-lang=\"gl\">Galician - galego<\/a><\/li>\r\n \t<li><a class=\"dropdown-item\" data-lang=\"ka\">Georgian - \u10e5\u10d0\u10e0\u10d7\u10e3\u10da\u10d8<\/a><\/li>\r\n \t<li><a class=\"dropdown-item\" data-lang=\"de\">German - Deutsch<\/a><\/li>\r\n \t<li><a class=\"dropdown-item\" data-lang=\"el\">Greek - \u0395\u03bb\u03bb\u03b7\u03bd\u03b9\u03ba\u03ac<\/a><\/li>\r\n \t<li><a class=\"dropdown-item\" data-lang=\"gu\">Gujarati - \u0a97\u0ac1\u0a9c\u0ab0\u0abe\u0aa4\u0ac0<\/a><\/li>\r\n \t<li><a class=\"dropdown-item\" data-lang=\"ht\">Haitian Creole - krey\u00f2l ayisyen<\/a><\/li>\r\n \t<li><a class=\"dropdown-item\" data-lang=\"iw\">Hebrew - \u200e\u202b\u05e2\u05d1\u05e8\u05d9\u05ea\u202c\u200e<\/a><\/li>\r\n \t<li><a class=\"dropdown-item\" data-lang=\"hi\">Hindi - \u0939\u093f\u0928\u094d\u0926\u0940<\/a><\/li>\r\n \t<li><a class=\"dropdown-item\" data-lang=\"hu\">Hungarian - magyar<\/a><\/li>\r\n \t<li><a class=\"dropdown-item\" data-lang=\"is\">Icelandic - \u00edslenska<\/a><\/li>\r\n \t<li><a class=\"dropdown-item\" data-lang=\"id\">Indonesian - Bahasa Indonesia<\/a><\/li>\r\n \t<li><a class=\"dropdown-item\" data-lang=\"ga\">Irish - Gaeilge<\/a><\/li>\r\n \t<li><a class=\"dropdown-item\" data-lang=\"it\">Italian - italiano<\/a><\/li>\r\n \t<li><a class=\"dropdown-item\" data-lang=\"ja\">Japanese - \u65e5\u672c\u8a9e<\/a><\/li>\r\n \t<li><a class=\"dropdown-item\" data-lang=\"kn\">Kannada - \u0c95\u0ca8\u0ccd\u0ca8\u0ca1<\/a><\/li>\r\n \t<li><a class=\"dropdown-item\" data-lang=\"ko\">Korean - \ud55c\uad6d\uc5b4<\/a><\/li>\r\n \t<li><a class=\"dropdown-item\" data-lang=\"la\">Latin - Lingua Latina<\/a><\/li>\r\n \t<li><a class=\"dropdown-item\" data-lang=\"lv\">Latvian - latvie\u0161u<\/a><\/li>\r\n \t<li><a class=\"dropdown-item\" data-lang=\"lt\">Lithuanian - lietuvi\u0173<\/a><\/li>\r\n \t<li><a class=\"dropdown-item\" data-lang=\"mk\">Macedonian - \u043c\u0430\u043a\u0435\u0434\u043e\u043d\u0441\u043a\u0438<\/a><\/li>\r\n \t<li><a class=\"dropdown-item\" data-lang=\"ms\">Malay - Bahasa Melayu<\/a><\/li>\r\n \t<li><a class=\"dropdown-item\" data-lang=\"mt\">Maltese - Malti<\/a><\/li>\r\n \t<li><a class=\"dropdown-item\" data-lang=\"no\">Norwegian - norsk<\/a><\/li>\r\n \t<li><a class=\"dropdown-item\" data-lang=\"fa\">Persian - \u200e\u202b\u0641\u0627\u0631\u0633\u06cc\u202c\u200e<\/a><\/li>\r\n \t<li><a class=\"dropdown-item\" data-lang=\"pl\">Polish - polski<\/a><\/li>\r\n \t<li><a class=\"dropdown-item\" data-lang=\"pt\">Portuguese - portugu\u00eas<\/a><\/li>\r\n \t<li><a class=\"dropdown-item\" data-lang=\"ro\">Romanian - rom\u00e2n\u0103<\/a><\/li>\r\n \t<li><a class=\"dropdown-item\" data-lang=\"ru\">Russian - \u0440\u0443\u0441\u0441\u043a\u0438\u0439<\/a><\/li>\r\n \t<li><a class=\"dropdown-item\" data-lang=\"sr\">Serbian - \u0421\u0440\u043f\u0441\u043a\u0438<\/a><\/li>\r\n \t<li><a class=\"dropdown-item\" data-lang=\"sk\">Slovak - sloven\u010dina<\/a><\/li>\r\n \t<li><a class=\"dropdown-item\" data-lang=\"sl\">Slovenian - sloven\u0161\u010dina<\/a><\/li>\r\n \t<li><a class=\"dropdown-item\" data-lang=\"es\">Spanish - espa\u00f1ol<\/a><\/li>\r\n \t<li><a class=\"dropdown-item\" data-lang=\"sw\">Swahili - Kiswahili<\/a><\/li>\r\n \t<li><a class=\"dropdown-item\" data-lang=\"sv\">Swedish - svenska<\/a><\/li>\r\n \t<li><a class=\"dropdown-item\" data-lang=\"ta\">Tamil - \u0ba4\u0bae\u0bbf\u0bb4\u0bcd<\/a><\/li>\r\n \t<li><a class=\"dropdown-item\" data-lang=\"te\">Telugu - \u0c24\u0c46\u0c32\u0c41\u0c17\u0c41<\/a><\/li>\r\n \t<li><a class=\"dropdown-item\" data-lang=\"th\">Thai - \u0e44\u0e17\u0e22<\/a><\/li>\r\n \t<li><a class=\"dropdown-item\" data-lang=\"tr\">Turkish - T\u00fcrk\u00e7e<\/a><\/li>\r\n \t<li><a class=\"dropdown-item\" data-lang=\"uk\">Ukrainian - \u0443\u043a\u0440\u0430\u0457\u043d\u0441\u044c\u043a\u0430<\/a><\/li>\r\n \t<li><a class=\"dropdown-item\" data-lang=\"ur\">Urdu - \u200e\u202b\u0627\u0631\u062f\u0648\u202c\u200e<\/a><\/li>\r\n \t<li><a class=\"dropdown-item\" data-lang=\"vi\">Vietnamese - Ti\u1ebfng Vi\u1ec7t<\/a><\/li>\r\n \t<li><a class=\"dropdown-item\" data-lang=\"cy\">Welsh - Cymraeg<\/a><\/li>\r\n \t<li><a class=\"dropdown-item\" data-lang=\"yi\">Yiddish - \u05d9\u05d9\u05d3\u05d9\u05e9<\/a><\/li>\r\n<\/ul>\r\n<\/div>\r\n<\/div>\r\n<\/div>\r\n<div class=\"translated-text\">\r\n<div id=\"translator-words\" class=\"words\"><\/div>\r\n<div class=\"sentences green\"><\/div>\r\n<\/div>\r\n<div class=\"trans_controls\">\r\n<div class=\"trans_controls__control-wrapper double_click\">\r\n<div class=\"trans_controls__inner-circle\"><\/div>\r\n<span class=\"trans_controls__description\"> Double-click <\/span>\r\n\r\n<\/div>\r\n<div class=\"trans_controls__control-wrapper selection\">\r\n<div class=\"trans_controls__inner-circle\"><\/div>\r\n<span class=\"trans_controls__description\"> Select to translate <\/span>\r\n\r\n<\/div>\r\n<\/div>\r\n<\/div>\r\n<div class=\"translate-tooltip-mtz translator-hidden\">\r\n<div class=\"header\">La Leica FlexLine TS03 est une station totale manuelle classique adapt\u00e9e aux applications standards de mesure, qui permet d\u2019effectuer facilement et efficacement la plupart des t\u00e2ches de lev\u00e9 et d\u2019implantation.<\/div>\r\n<\/div>\r\nQue ce soit dans la construction, le g\u00e9nie civil ou la topographie et la cartographie, le TS03 vous aide \u00e0 relever vos d\u00e9fis et \u00e0 r\u00e9aliser vos t\u00e2ches quotidiennes sans souci :\r\n<ul>\r\n \t<li><strong>Les directeurs des d\u00e9partements de construction<\/strong>\u00a0ont besoin de temps d'arr\u00eat minimum de vos \u00e9quipes sur le terrain pour garantir des projets dans les d\u00e9lais et les budgets impartis.<\/li>\r\n \t<li><strong>Les g\u00e9om\u00e8tres<\/strong>\u00a0peuvent s\u2019appuyer sur la plus grande dur\u00e9e de vie du produit sur le march\u00e9, ce qui augmente la certitude de votre planification.<\/li>\r\n \t<li><strong>Les g\u00e9om\u00e8tres<\/strong>\u00a0travaillent plus vite en mesurant plus de points par jour en r\u00e9duisant le nombre d\u2019erreurs de mesure et de reprises.<\/li>\r\n<\/ul>\r\n<strong>Leica FlexLine : La nouvelle g\u00e9n\u00e9ration de stations totales manuelles<\/strong>\r\nLes stations totales manuelles Leica FlexLine sont bas\u00e9es sur un concept de produit \u00e9prouv\u00e9 qui r\u00e9volutionne le monde de la mesure et du lev\u00e9 depuis pr\u00e8s de 200 ans. Contrairement aux autres stations totales manuelles sur le march\u00e9, les stations totales manuelles Leica Geosystems ont pour objectif de fournir la plus haute qualit\u00e9, le co\u00fbt d'exploitation le plus faible et la plus longue dur\u00e9e de vie permettant aux utilisateurs de travailler avec des solutions adapt\u00e9es \u00e0 leurs performances.\r\n\r\n<strong>Logiciel Leica FlexField : intuitif et facile \u00e0 utiliser<\/strong>\r\nLa Leica TS03 fonctionne avec le logiciel terrain Leica FlexField. Avec des graphiques clairs, des menus intuitifs, une terminologie accessible et des cha\u00eenes de travail simples, il vous fait gagner en temps et en efforts sur tous les chantiers. L\u2019interpr\u00e9tation des valeurs de mesure ou du texte n\u2019est plus n\u00e9cessaire gr\u00e2ce au logiciel et garantit un fonctionnement simple et rapide lorsque vous en avez besoin.\r\n\r\n<strong>Service client accessible en un clic<\/strong>\r\nLes nouvelles stations totales manuelles FlexLine b\u00e9n\u00e9ficient d\u2019un service apr\u00e8s-vente et d\u2019une assistance de qualit\u00e9 sup\u00e9rieure. Avec le programme\u00a0<a href=\"https:\/\/leica-geosystems.com\/fr-FR\/services-and-support\/customer-support-services\/active-customer-care\">Active Customer Care<\/a>\u00a0(ACC) et au portail\u00a0<a href=\"https:\/\/leica-geosystems.com\/fr-FR\/services-and-support\/product-services\/myworld---customer-portal\">My World<\/a>, les utilisateurs ont acc\u00e8s aux derni\u00e8res mises \u00e0 jour logicielles ainsi qu\u2019\u00e0 MySecurity. Avec l\u2019activation de MySecurity, le m\u00e9canisme de verrouillage garantit la d\u00e9sactivation de l'appareil et son inutilisation.\r\n\r\n<img class=\"wp-image-57 alignleft\" src=\"https:\/\/myprinter-bf.com\/aGeo\/wpAgeo\/wp-content\/uploads\/2023\/11\/hardware-55-300x201.jpg\" alt=\"\" width=\"300\" height=\"201\" \/> \u00a0<img class=\"size-medium wp-image-17 alignleft\" src=\"https:\/\/myprinter-bf.com\/aGeo\/wpAgeo\/wp-content\/uploads\/2023\/11\/travel-landscape-01-300x200.jpg\" alt=\"\" width=\"300\" height=\"200\" \/>\r\n<div class=\"row equal-height\">\r\n<div class=\"col-lg-6 equal-height-inner\">\r\n<div class=\"inner-container\">\r\n<div class=\"caption baseFont\">\r\n<div class=\"text\">\r\n<h3 class=\"heading-style-3 visible-first\" style=\"text-align: left\">TRAVAILLEZ PLUS VITE<\/h3>\r\nMesurez plus de points par jour gr\u00e2ce \u00e0 des proc\u00e9dures de mesure et de mise en station plus rapides (commandes par vis sans fin, bouton lat\u00e9ral de d\u00e9clenchement, vis des deux c\u00f4t\u00e9s, EDM de pr\u00e9cision et plus encore), gr\u00e2ce \u00e0 notre logiciel complet et convivial Leica FlexField.\r\n\r\n<\/div>\r\n<\/div>\r\n<\/div>\r\n<\/div>\r\n<div class=\"col-lg-6 equal-height-inner\">\r\n<div class=\"inner-container\">\r\n<div class=\"caption baseFont\">\r\n<div class=\"text\">\r\n<h3 class=\"heading-style-3 visible-first\">UTILISEZ-LA AVEC FACILIT\u00c9<\/h3>\r\nAugmentez la productivit\u00e9 et minimisez les temps d\u2019arr\u00eat en vous appuyant sur des instruments qui tout simplement fonctionnent et sont livr\u00e9s avec un r\u00e9seau mondial de service et d\u2019assistance.\r\n\r\n<\/div>\r\n<\/div>\r\n<\/div>\r\n<\/div>\r\n<\/div>\r\n<div class=\"row equal-height\">\r\n<div class=\"col-lg-6 equal-height-inner\">\r\n<div class=\"inner-container no-border\">\r\n<div class=\"caption baseFont\">\r\n<div class=\"text\">\r\n<h3 class=\"heading-style-3 visible-first\">CHOISISSEZ LES PRODUITS CON\u00c7US POUR DURER<\/h3>\r\nLa gamme FlexLine fonctionne\u00a0avec le m\u00eame niveau de qualit\u00e9 \u00e9lev\u00e9 m\u00eame apr\u00e8s des ann\u00e9es d\u2019utilisation dans des conditions difficiles (boue, poussi\u00e8re, pluie battante, chaleur et froid extr\u00eames).\r\n\r\n<\/div>\r\n<\/div>\r\n<\/div>\r\n<\/div>\r\n<div class=\"col-lg-6 equal-height-inner\">\r\n<div class=\"inner-container no-border\">\r\n<div class=\"caption baseFont\">\r\n<div class=\"text\">\r\n<h3 class=\"heading-style-3 visible-first\">CONTR\u00d4LEZ VOTRE INVESTISSEMENT<\/h3>\r\nLa fiabilit\u00e9, la vitesse et la pr\u00e9cision garantissent un investissement plus faible sur la dur\u00e9e de vie du produit et une valeur de revente plus \u00e9lev\u00e9e.\r\n\r\n<\/div>\r\n<\/div>\r\n<\/div>\r\n<\/div>\r\n<\/div>","_et_gb_content_width":""},"product_brand":[],"product_cat":[21],"product_tag":[],"class_list":{"0":"post-239","1":"product","2":"type-product","3":"status-publish","4":"has-post-thumbnail","6":"product_cat-niveaux-numeriques","8":"first","9":"instock","10":"shipping-taxable","11":"product-type-simple"},"_links":{"self":[{"href":"https:\/\/africageomatic.com\/site\/wp-json\/wp\/v2\/product\/239","targetHints":{"allow":["GET"]}}],"collection":[{"href":"https:\/\/africageomatic.com\/site\/wp-json\/wp\/v2\/product"}],"about":[{"href":"https:\/\/africageomatic.com\/site\/wp-json\/wp\/v2\/types\/product"}],"replies":[{"embeddable":true,"href":"https:\/\/africageomatic.com\/site\/wp-json\/wp\/v2\/comments?post=239"}],"wp:featuredmedia":[{"embeddable":true,"href":"https:\/\/africageomatic.com\/site\/wp-json\/wp\/v2\/media\/322"}],"wp:attachment":[{"href":"https:\/\/africageomatic.com\/site\/wp-json\/wp\/v2\/media?parent=239"}],"wp:term":[{"taxonomy":"product_brand","embeddable":true,"href":"https:\/\/africageomatic.com\/site\/wp-json\/wp\/v2\/product_brand?post=239"},{"taxonomy":"product_cat","embeddable":true,"href":"https:\/\/africageomatic.com\/site\/wp-json\/wp\/v2\/product_cat?post=239"},{"taxonomy":"product_tag","embeddable":true,"href":"https:\/\/africageomatic.com\/site\/wp-json\/wp\/v2\/product_tag?post=239"}],"curies":[{"name":"wp","href":"https:\/\/api.w.org\/{rel}","templated":true}]}}