{"id":521,"date":"2023-12-01T14:07:56","date_gmt":"2023-12-01T14:07:56","guid":{"rendered":"https:\/\/myprinter-bf.com\/aGeo\/wpAgeo\/?post_type=product&#038;p=521"},"modified":"2024-01-26T09:59:19","modified_gmt":"2024-01-26T09:59:19","slug":"laser-rotatif-leica-rugby-610","status":"publish","type":"product","link":"https:\/\/africageomatic.com\/site\/product\/laser-rotatif-leica-rugby-610\/","title":{"rendered":"Laser rotatif Leica Rugby 610"},"content":{"rendered":"<p>Mettez-vous imm\u00e9diatement au travail<br \/>\nQu\u2019il s\u2019agisse de coulage de b\u00e9ton, de nivellement de coffrages, du transfert ou de la v\u00e9rification des hauteurs, le niveau laser rotatif Leica Rugby 610 offre une productivit\u00e9 accrue et une simplicit\u00e9 d\u2019utilisation incomparable. L\u2019interface \u00e0 touche unique de ce laser rend son fonctionnement extr\u00eamement simple et accessible \u00e0 tous. Aucune formation ni pr\u00e9paration n\u2019est requise : vous pouvez vous mettre imm\u00e9diatement au travail.<\/p>\n<p>Plage de fonctionnement et dur\u00e9e de vie de la batterie prolong\u00e9es<br \/>\nAssoci\u00e9 \u00e0 la cellule de r\u00e9ception Leica Rod Eye Basic, le laser rotatif Leica Rugby 610 offre d\u2019excellents r\u00e9sultats. La plage de travail peut, si n\u00e9cessaire, \u00eatre \u00e9tendue \u00e0 600 m\u00e8tres avec les cellules num\u00e9riques Leica Rod Eye 140 et Leica Rod Eye 160. Le Leica Rugby 610 est propos\u00e9 avec une batterie lithium-ion longue dur\u00e9e \u00e0 chargement rapide pour d\u00e9cupler les dur\u00e9es d\u2019utilisation.<\/p>\n<p>Un partenaire fiable pour votre chantier<br \/>\nAssurant une grande flexibilit\u00e9 et l\u2019absence de temps d\u2019arr\u00eat, le laser professionnel Leica Rugby 610 satisfait \u00e0 la norme de protection IP 67, qui garantit une protection totale contre la poussi\u00e8re et une \u00e9tanch\u00e9it\u00e9 jusqu\u2019\u00e0 1 m\u00e8tre sous l\u2019eau. Le surmoulage des poign\u00e9es en caoutchouc apporte une protection \u00e9lev\u00e9e et une bonne prise en main. Adapt\u00e9, rapide et r\u00e9sistant : le Leica Rugby 610 convient \u00e0 tous les chantiers. En outre, le service PROTECT by Leica Geosystems permet aux clients de b\u00e9n\u00e9ficier du service constructeur garanti \u00e0 vie et d\u2019une p\u00e9riode de gratuit\u00e9 de trois ans* pour le niveau laser Leica Rugby 610.<\/p>\n<p>Disponible gratuitement en s\u2019inscrivant en ligne dans les huit semaines suivant l\u2019achat<\/p>\n","protected":false},"excerpt":{"rendered":"<p>Disponibilit\u00e9 du produit:\u00a0Produit en Stock<\/p>\n","protected":false},"featured_media":397,"comment_status":"open","ping_status":"closed","template":"","meta":{"_et_pb_use_builder":"","_et_pb_old_content":"","_et_gb_content_width":""},"product_brand":[],"product_cat":[22],"product_tag":[],"class_list":{"0":"post-521","1":"product","2":"type-product","3":"status-publish","4":"has-post-thumbnail","6":"product_cat-lasers","8":"first","9":"instock","10":"shipping-taxable","11":"product-type-simple"},"_links":{"self":[{"href":"https:\/\/africageomatic.com\/site\/wp-json\/wp\/v2\/product\/521","targetHints":{"allow":["GET"]}}],"collection":[{"href":"https:\/\/africageomatic.com\/site\/wp-json\/wp\/v2\/product"}],"about":[{"href":"https:\/\/africageomatic.com\/site\/wp-json\/wp\/v2\/types\/product"}],"replies":[{"embeddable":true,"href":"https:\/\/africageomatic.com\/site\/wp-json\/wp\/v2\/comments?post=521"}],"wp:featuredmedia":[{"embeddable":true,"href":"https:\/\/africageomatic.com\/site\/wp-json\/wp\/v2\/media\/397"}],"wp:attachment":[{"href":"https:\/\/africageomatic.com\/site\/wp-json\/wp\/v2\/media?parent=521"}],"wp:term":[{"taxonomy":"product_brand","embeddable":true,"href":"https:\/\/africageomatic.com\/site\/wp-json\/wp\/v2\/product_brand?post=521"},{"taxonomy":"product_cat","embeddable":true,"href":"https:\/\/africageomatic.com\/site\/wp-json\/wp\/v2\/product_cat?post=521"},{"taxonomy":"product_tag","embeddable":true,"href":"https:\/\/africageomatic.com\/site\/wp-json\/wp\/v2\/product_tag?post=521"}],"curies":[{"name":"wp","href":"https:\/\/api.w.org\/{rel}","templated":true}]}}