{"id":554,"date":"2023-12-05T11:58:00","date_gmt":"2023-12-05T11:58:00","guid":{"rendered":"https:\/\/myprinter-bf.com\/aGeo\/wpAgeo\/?post_type=product&#038;p=554"},"modified":"2024-01-26T09:58:49","modified_gmt":"2024-01-26T09:58:49","slug":"leica-flexline-ts06plus","status":"publish","type":"product","link":"https:\/\/africageomatic.com\/site\/product\/leica-flexline-ts06plus\/","title":{"rendered":"Leica FlexLine TS06plus"},"content":{"rendered":"<p>La station totale manuelle Leica FlexLine TS06 Plus est id\u00e9ale pour les applications de moyenne \u00e0 haute pr\u00e9cision. Le clavier alphanum\u00e9rique complet et la carte Bluetooth, h\u00f4te et p\u00e9riph\u00e9rique int\u00e9gr\u00e9e offrent une convivialit\u00e9 maximale.<\/p>\n<p>Convivialit\u00e9 int\u00e9gr\u00e9e gr\u00e2ce au clavier alphanum\u00e9rique complet et \u00e0 l&rsquo;affichage haute r\u00e9solution<\/p>\n<p>Saisie rapide et facile de chiffres, lettres et caract\u00e8res sp\u00e9ciaux, par ex. pour le codage<br \/>\nAffichage en un coup d&rsquo;\u0153il sur le plus grand \u00e9cran haute r\u00e9solution de sa cat\u00e9gorie<br \/>\nMesure \u00e9lectronique de distance (EDM) la meilleure de sa cat\u00e9gorie<\/p>\n<p>Avec PinPoint EDM, FlexLine plus offre l&rsquo;\u00e9quilibre optimal entre port\u00e9e, pr\u00e9cision, fiabilit\u00e9, visibilit\u00e9 du faisceau, taille des points laser et temps de mesure.<\/p>\n<p>1,5 mm + 2 ppm au prisme<br \/>\n2 mm + 2 ppm sur n&rsquo;importe quelle surface<br \/>\nExtr\u00eamement rapide (1 seconde)<br \/>\nPort\u00e9e de 500 m sans prisme<br \/>\nPointeur laser coaxial et faisceau de mesure<br \/>\n\u00c9change de donn\u00e9es flexible<\/p>\n<p>Cl\u00e9 USB pour un transfert rapide et facile des donn\u00e9es (GSI, DXF, ASCII, LandXML, CSV, d\u00e9fini par l&rsquo;utilisateur)<br \/>\nBluetooth sans fil int\u00e9gr\u00e9 pour une connexion sans fil \u00e0 n&rsquo;importe quel enregistreur de donn\u00e9es, par ex. le contr\u00f4leur de terrain Leica Viva CS10 ou CS15<br \/>\nProtection contre le vol par Leica Geosystems &#8211; mySecurity<\/p>\n<p>mySecurity vous donne une tranquillit\u00e9 d&rsquo;esprit totale<br \/>\nEn cas de vol de votre instrument, un m\u00e9canisme de verrouillage est disponible pour garantir que l&rsquo;appareil est d\u00e9sactiv\u00e9 et ne soit plus utilisable.<\/p>\n","protected":false},"excerpt":{"rendered":"<p>Disponibilit\u00e9 du produit:\u00a0Produit en Stock<\/p>\n","protected":false},"featured_media":407,"comment_status":"open","ping_status":"closed","template":"","meta":{"_et_pb_use_builder":"","_et_pb_old_content":"","_et_gb_content_width":""},"product_brand":[],"product_cat":[17],"product_tag":[],"class_list":{"0":"post-554","1":"product","2":"type-product","3":"status-publish","4":"has-post-thumbnail","6":"product_cat-station-totales-manuelles","8":"first","9":"instock","10":"shipping-taxable","11":"product-type-simple"},"_links":{"self":[{"href":"https:\/\/africageomatic.com\/site\/wp-json\/wp\/v2\/product\/554","targetHints":{"allow":["GET"]}}],"collection":[{"href":"https:\/\/africageomatic.com\/site\/wp-json\/wp\/v2\/product"}],"about":[{"href":"https:\/\/africageomatic.com\/site\/wp-json\/wp\/v2\/types\/product"}],"replies":[{"embeddable":true,"href":"https:\/\/africageomatic.com\/site\/wp-json\/wp\/v2\/comments?post=554"}],"wp:featuredmedia":[{"embeddable":true,"href":"https:\/\/africageomatic.com\/site\/wp-json\/wp\/v2\/media\/407"}],"wp:attachment":[{"href":"https:\/\/africageomatic.com\/site\/wp-json\/wp\/v2\/media?parent=554"}],"wp:term":[{"taxonomy":"product_brand","embeddable":true,"href":"https:\/\/africageomatic.com\/site\/wp-json\/wp\/v2\/product_brand?post=554"},{"taxonomy":"product_cat","embeddable":true,"href":"https:\/\/africageomatic.com\/site\/wp-json\/wp\/v2\/product_cat?post=554"},{"taxonomy":"product_tag","embeddable":true,"href":"https:\/\/africageomatic.com\/site\/wp-json\/wp\/v2\/product_tag?post=554"}],"curies":[{"name":"wp","href":"https:\/\/api.w.org\/{rel}","templated":true}]}}