{"id":692,"date":"2023-12-06T17:16:05","date_gmt":"2023-12-06T17:16:05","guid":{"rendered":"https:\/\/myprinter-bf.com\/aGeo\/wpAgeo\/?post_type=product&#038;p=692"},"modified":"2024-01-26T09:57:20","modified_gmt":"2024-01-26T09:57:20","slug":"leica-flexline-ts07","status":"publish","type":"product","link":"https:\/\/africageomatic.com\/site\/product\/leica-flexline-ts07\/","title":{"rendered":"Leica FlexLine TS07"},"content":{"rendered":"<p>La Leica FlexLine TS03 est une station totale manuelle classique adapt\u00e9e aux applications standards de mesure, qui permet d\u2019effectuer facilement et efficacement la plupart des t\u00e2ches de lev\u00e9 et d\u2019implantation.<\/p>\n<p>Que ce soit dans la construction, le g\u00e9nie civil ou la topographie et la cartographie, le TS03 vous aide \u00e0 relever vos d\u00e9fis et \u00e0 r\u00e9aliser vos t\u00e2ches quotidiennes sans souci :<\/p>\n<p>Les directeurs des d\u00e9partements de construction ont besoin de temps d&rsquo;arr\u00eat minimum de vos \u00e9quipes sur le terrain pour garantir des projets dans les d\u00e9lais et les budgets impartis.<br \/>\nLes g\u00e9om\u00e8tres peuvent s\u2019appuyer sur la plus grande dur\u00e9e de vie du produit sur le march\u00e9, ce qui augmente la certitude de votre planification.<br \/>\nLes g\u00e9om\u00e8tres travaillent plus vite en mesurant plus de points par jour en r\u00e9duisant le nombre d\u2019erreurs de mesure et de reprises.<br \/>\nLeica FlexLine : La nouvelle g\u00e9n\u00e9ration de stations totales manuelles<br \/>\nLes stations totales manuelles Leica FlexLine sont bas\u00e9es sur un concept de produit \u00e9prouv\u00e9 qui r\u00e9volutionne le monde de la mesure et du lev\u00e9 depuis pr\u00e8s de 200 ans. Contrairement aux autres stations totales manuelles sur le march\u00e9, les stations totales manuelles Leica Geosystems ont pour objectif de fournir la plus haute qualit\u00e9, le co\u00fbt d&rsquo;exploitation le plus faible et la plus longue dur\u00e9e de vie permettant aux utilisateurs de travailler avec des solutions adapt\u00e9es \u00e0 leurs performances.<\/p>\n<p>Logiciel Leica FlexField : intuitif et facile \u00e0 utiliser<br \/>\nLa Leica TS03 fonctionne avec le logiciel terrain Leica FlexField. Avec des graphiques clairs, des menus intuitifs, une terminologie accessible et des cha\u00eenes de travail simples, il vous fait gagner en temps et en efforts sur tous les chantiers. L\u2019interpr\u00e9tation des valeurs de mesure ou du texte n\u2019est plus n\u00e9cessaire gr\u00e2ce au logiciel et garantit un fonctionnement simple et rapide lorsque vous en avez besoin.<\/p>\n<p>Service client accessible en un clic<br \/>\nLes nouvelles stations totales manuelles FlexLine b\u00e9n\u00e9ficient d\u2019un service apr\u00e8s-vente et d\u2019une assistance de qualit\u00e9 sup\u00e9rieure. Avec le programme Active Customer Care (ACC) et au portail My World, les utilisateurs ont acc\u00e8s aux derni\u00e8res mises \u00e0 jour logicielles ainsi qu\u2019\u00e0 MySecurity. Avec l\u2019activation de MySecurity, le m\u00e9canisme de verrouillage garantit la d\u00e9sactivation de l&rsquo;appareil et son inutilisation.<\/p>\n<p> <img loading=\"lazy\" decoding=\"async\" src=\"https:\/\/myprinter-bf.com\/aGeo\/wpAgeo\/wp-content\/uploads\/2023\/12\/LFTS03-18_270x270.jpg\" alt=\"\" width=\"270\" height=\"270\" class=\"alignnone size-full wp-image-422\" srcset=\"https:\/\/africageomatic.com\/site\/wp-content\/uploads\/2023\/12\/LFTS03-18_270x270.jpg 270w, https:\/\/africageomatic.com\/site\/wp-content\/uploads\/2023\/12\/LFTS03-18_270x270-150x150.jpg 150w, https:\/\/africageomatic.com\/site\/wp-content\/uploads\/2023\/12\/LFTS03-18_270x270-100x100.jpg 100w\" sizes=\"(max-width: 270px) 100vw, 270px\" \/><\/p>\n<p>TRAVAILLEZ PLUS VITE<\/p>\n<p>Mesurez plus de points par jour gr\u00e2ce \u00e0 des proc\u00e9dures de mesure et de mise en station plus rapides (commandes par vis sans fin, bouton lat\u00e9ral de d\u00e9clenchement, vis des deux c\u00f4t\u00e9s, EDM de pr\u00e9cision et plus encore), gr\u00e2ce \u00e0 notre logiciel complet et convivial Leica FlexField.<br \/>\nUTILISEZ-LA AVEC FACILIT\u00c9<\/p>\n<p>Augmentez la productivit\u00e9 et minimisez les temps d\u2019arr\u00eat en vous appuyant sur des instruments qui tout simplement fonctionnent et sont livr\u00e9s avec un r\u00e9seau mondial de service et d\u2019assistance.<br \/>\nCHOISISSEZ LES PRODUITS CON\u00c7US POUR DURER<\/p>\n<p>La gamme FlexLine fonctionne avec le m\u00eame niveau de qualit\u00e9 \u00e9lev\u00e9 m\u00eame apr\u00e8s des ann\u00e9es d\u2019utilisation dans des conditions difficiles (boue, poussi\u00e8re, pluie battante, chaleur et froid extr\u00eames).<br \/>\nCONTR\u00d4LEZ VOTRE INVESTISSEMENT<\/p>\n<p>La fiabilit\u00e9, la vitesse et la pr\u00e9cision garantissent un investissement plus faible sur la dur\u00e9e de vie du produit et une valeur de revente plus \u00e9lev\u00e9e.<\/p>\n","protected":false},"excerpt":{"rendered":"<p>Disponibilit\u00e9 du produit:\u00a0Produit en Stock<\/p>\n","protected":false},"featured_media":422,"comment_status":"open","ping_status":"closed","template":"","meta":{"_et_pb_use_builder":"","_et_pb_old_content":"","_et_gb_content_width":""},"product_brand":[],"product_cat":[17],"product_tag":[],"class_list":{"0":"post-692","1":"product","2":"type-product","3":"status-publish","4":"has-post-thumbnail","6":"product_cat-station-totales-manuelles","8":"first","9":"instock","10":"shipping-taxable","11":"product-type-simple"},"_links":{"self":[{"href":"https:\/\/africageomatic.com\/site\/wp-json\/wp\/v2\/product\/692","targetHints":{"allow":["GET"]}}],"collection":[{"href":"https:\/\/africageomatic.com\/site\/wp-json\/wp\/v2\/product"}],"about":[{"href":"https:\/\/africageomatic.com\/site\/wp-json\/wp\/v2\/types\/product"}],"replies":[{"embeddable":true,"href":"https:\/\/africageomatic.com\/site\/wp-json\/wp\/v2\/comments?post=692"}],"wp:featuredmedia":[{"embeddable":true,"href":"https:\/\/africageomatic.com\/site\/wp-json\/wp\/v2\/media\/422"}],"wp:attachment":[{"href":"https:\/\/africageomatic.com\/site\/wp-json\/wp\/v2\/media?parent=692"}],"wp:term":[{"taxonomy":"product_brand","embeddable":true,"href":"https:\/\/africageomatic.com\/site\/wp-json\/wp\/v2\/product_brand?post=692"},{"taxonomy":"product_cat","embeddable":true,"href":"https:\/\/africageomatic.com\/site\/wp-json\/wp\/v2\/product_cat?post=692"},{"taxonomy":"product_tag","embeddable":true,"href":"https:\/\/africageomatic.com\/site\/wp-json\/wp\/v2\/product_tag?post=692"}],"curies":[{"name":"wp","href":"https:\/\/api.w.org\/{rel}","templated":true}]}}