{"id":693,"date":"2023-12-06T17:18:04","date_gmt":"2023-12-06T17:18:04","guid":{"rendered":"https:\/\/myprinter-bf.com\/aGeo\/wpAgeo\/?post_type=product&#038;p=693"},"modified":"2024-01-26T09:57:09","modified_gmt":"2024-01-26T09:57:09","slug":"leica-viva-ts16","status":"publish","type":"product","link":"https:\/\/africageomatic.com\/site\/product\/leica-viva-ts16\/","title":{"rendered":"Leica Viva TS16"},"content":{"rendered":"<p>D\u00e9couvrez la premi\u00e8re station totale autonome au monde. La Leica Viva TS16 s&rsquo;adapte automatiquement \u00e0 tous les environnements et se verrouille sur votre cible et uniquement sur votre cible. Quel que soit le niveau de difficult\u00e9 de votre t\u00e2che et le nombre d&rsquo;obstacles sur le terrain, cette station totale surpassera vos attentes.<\/p>\n<p>Vous pouvez couvrir une grande vari\u00e9t\u00e9 d&rsquo;applications, car cette station totale voit exactement la m\u00eame chose que vous. La Viva TS16 est connue pour avoir les meilleures capacit\u00e9s de traitement d&rsquo;images disponibles. Vous pouvez capturer l&rsquo;\u00e9tat exact de tous les chantiers, gr\u00e2ce \u00e0 la gestion autonome de l&rsquo;environnement.<\/p>\n<p>Un logiciel attrayant<br \/>\nLa Viva TS16 s\u2019accompagne de Leica Captivate , le logiciel r\u00e9volutionnaire qui transforme les donn\u00e9es complexes en mod\u00e8les 3D, les plus r\u00e9alistes et les mieux exploitables. Avec des applications simples d\u2019utilisation et une technologie tactile, vous pouvez visualiser toutes les formes de donn\u00e9es mesur\u00e9es, ou projets, dans toutes les dimensions. Captivate couvre les secteurs d&rsquo;activit\u00e9 les plus vari\u00e9s, aussi simplement que depuis votre smartphone, que vous travailliez avec le GNSS, les stations totales ou les deux.<\/p>\n<p>Des possibilit\u00e9s infinies<br \/>\nPendant que Leica Captivate capture et mod\u00e9lise les donn\u00e9es sur le terrain, Leica Infinity traite les informations au bureau. La fluidit\u00e9 du transfert de donn\u00e9es garantit que le projet progresse comme pr\u00e9vu. Leica Captivate et Leica Infinity travaillent conjointement pour rassembler les donn\u00e9es des lev\u00e9s pr\u00e9c\u00e9dents et pour modifier les projets plus rapidement et plus efficacement.<\/p>\n<p>Service client accessible en un clic<br \/>\nAvec le programme Active Customer Care (ACC), vous \u00eates \u00e0 un clic d&rsquo;un r\u00e9seau mondial de professionnels exp\u00e9riment\u00e9s, pr\u00eats \u00e0 vous guider en cas de probl\u00e8me :<\/p>\n<p>\u00c9liminez les retards gr\u00e2ce \u00e0 un service technique sup\u00e9rieur<br \/>\nTerminez vos travaux plus rapidement gr\u00e2ce \u00e0 l&rsquo;accompagnement de nos experts techniques<br \/>\n\u00c9vitez les retours co\u00fbteux sur les chantiers gr\u00e2ce au service en ligne qui permet d&rsquo;envoyer et de recevoir les donn\u00e9es directement sur le terrain<br \/>\nContr\u00f4lez vos d\u00e9penses avec un Contrat Client Personnalis\u00e9 sur mesure qui vous assure d&rsquo;\u00eatre couvert partout, tout le temps.<\/p>\n<p>ATRplus<br \/>\nN\u00e9 de cinq g\u00e9n\u00e9rations d&rsquo;optimisations, ATRplus fait passer nos performances, reconnues et fiables, \u00e0 un autre niveau. Cette technologie de qualit\u00e9 sup\u00e9rieure maximise les capacit\u00e9s de la station totale, e, restant verrouill\u00e9e sur votre cible, en ignorant les autres distractions pr\u00e9sentes sur le terrain. La Viva TS16 \u00e9tudie l&rsquo;environnement, fournit des positions exactes, m\u00eame pour les applications dynamiques difficiles, et r\u00e9tablit le verrouillage le plus rapidement si la ligne de vis\u00e9e est coup\u00e9e.<\/p>\n","protected":false},"excerpt":{"rendered":"<p>Disponibilit\u00e9 du produit:\u00a0Produit en Stock<\/p>\n","protected":false},"featured_media":347,"comment_status":"open","ping_status":"closed","template":"","meta":{"_et_pb_use_builder":"","_et_pb_old_content":"","_et_gb_content_width":""},"product_brand":[],"product_cat":[18],"product_tag":[],"class_list":{"0":"post-693","1":"product","2":"type-product","3":"status-publish","4":"has-post-thumbnail","6":"product_cat-stations-totales-robotisees","8":"first","9":"instock","10":"shipping-taxable","11":"product-type-simple"},"_links":{"self":[{"href":"https:\/\/africageomatic.com\/site\/wp-json\/wp\/v2\/product\/693","targetHints":{"allow":["GET"]}}],"collection":[{"href":"https:\/\/africageomatic.com\/site\/wp-json\/wp\/v2\/product"}],"about":[{"href":"https:\/\/africageomatic.com\/site\/wp-json\/wp\/v2\/types\/product"}],"replies":[{"embeddable":true,"href":"https:\/\/africageomatic.com\/site\/wp-json\/wp\/v2\/comments?post=693"}],"wp:featuredmedia":[{"embeddable":true,"href":"https:\/\/africageomatic.com\/site\/wp-json\/wp\/v2\/media\/347"}],"wp:attachment":[{"href":"https:\/\/africageomatic.com\/site\/wp-json\/wp\/v2\/media?parent=693"}],"wp:term":[{"taxonomy":"product_brand","embeddable":true,"href":"https:\/\/africageomatic.com\/site\/wp-json\/wp\/v2\/product_brand?post=693"},{"taxonomy":"product_cat","embeddable":true,"href":"https:\/\/africageomatic.com\/site\/wp-json\/wp\/v2\/product_cat?post=693"},{"taxonomy":"product_tag","embeddable":true,"href":"https:\/\/africageomatic.com\/site\/wp-json\/wp\/v2\/product_tag?post=693"}],"curies":[{"name":"wp","href":"https:\/\/api.w.org\/{rel}","templated":true}]}}