{"id":695,"date":"2023-12-06T17:35:07","date_gmt":"2023-12-06T17:35:07","guid":{"rendered":"https:\/\/myprinter-bf.com\/aGeo\/wpAgeo\/?post_type=product&#038;p=695"},"modified":"2024-01-26T09:56:43","modified_gmt":"2024-01-26T09:56:43","slug":"leica-nova-ts60-station-totale-de-haute-precision-a-gestion-autonome","status":"publish","type":"product","link":"https:\/\/africageomatic.com\/site\/product\/leica-nova-ts60-station-totale-de-haute-precision-a-gestion-autonome\/","title":{"rendered":"Leica Nova TS60 \u2013 Station totale de haute pr\u00e9cision \u00e0 gestion autonome"},"content":{"rendered":"<p>La Leica Nova TS60 est la seule station totale au monde \u00e0 offrir une pr\u00e9cision de ce niveau dans les conditions les plus difficiles. Elle est con\u00e7ue pour livrer une pr\u00e9cision maximale, inf\u00e9rieure au millim\u00e8tre et \u00e0 la seconde. D\u00e9couvrez ce que signifie une pr\u00e9cision parfaite<\/p>\n<p>Un logiciel attrayant<br \/>\nLa Viva TS60 s\u2019accompagne de Leica Captivate , le logiciel r\u00e9volutionnaire qui transforme les donn\u00e9es complexes en mod\u00e8les 3D, les plus r\u00e9alistes et les plus exploitables. Avec des applications simples d\u2019utilisation et une technologie tactile, vous pouvez visualiser toutes les formes de donn\u00e9es mesur\u00e9es, ou projets, dans toutes les dimensions. Captivate couvre les secteurs d&rsquo;activit\u00e9 les plus vari\u00e9s, aussi simplement que depuis votre smartphone, que vous travailliez avec le GNSS, les stations totales ou les deux.<\/p>\n<p>Des possibilit\u00e9s infinies<br \/>\nPendant que Leica Captivate capture et mod\u00e9lise les donn\u00e9es sur le terrain, Leica Infinity traite les informations au bureau. La fluidit\u00e9 du transfert de donn\u00e9es garantit que le projet progresse comme pr\u00e9vu. Leica Captivate et Leica Infinity travaillent conjointement pour rassembler les donn\u00e9es des lev\u00e9s pr\u00e9c\u00e9dents et pour modifier les projets plus rapidement et plus efficacement.<\/p>\n<p>Service client accessible en un clic<br \/>\nAvec le programme Active Customer Care (ACC), vous \u00eates \u00e0 un clic d&rsquo;un r\u00e9seau mondial de professionnels exp\u00e9riment\u00e9s, pr\u00eats \u00e0 vous guider en cas de probl\u00e8me.<\/p>\n<p>\u00c9liminez les retards gr\u00e2ce \u00e0 un service technique sup\u00e9rieur<br \/>\nTerminez vos travaux plus rapidement gr\u00e2ce \u00e0 l&rsquo;accompagnement de nos experts techniques<br \/>\n\u00c9vitez les retours co\u00fbteux sur les chantiers gr\u00e2ce au service en ligne qui permet d&rsquo;envoyer et de recevoir les donn\u00e9es directement sur le terrain.<br \/>\nContr\u00f4lez vos d\u00e9penses avec un Contrat Client Personnalis\u00e9 sur mesure qui vous assure d&rsquo;\u00eatre couvert partout, tout le temps.<\/p>\n<p>ATRplus<br \/>\nN\u00e9 de cinq g\u00e9n\u00e9rations d&rsquo;optimisations, ATRplus fait passer nos performances, reconnues et fiables, \u00e0 un autre niveau. Cette technologie sup\u00e9rieure maximise les capacit\u00e9s de la station totale \u00e0 rester verrouill\u00e9e sur votre cible, en ignorant les autres distractions pr\u00e9sentes sur le terrain. La Nova TS60 \u00e9tudie l&rsquo;environnement, fournit des positions exactes, m\u00eame pour les applications dynamiques difficiles, et r\u00e9tablit le verrouillage le plus rapidement si la ligne de vis\u00e9e est coup\u00e9e.<\/p>\n","protected":false},"excerpt":{"rendered":"<p>Disponibilit\u00e9 du produit:\u00a0Produit en Stock<\/p>\n","protected":false},"featured_media":327,"comment_status":"open","ping_status":"closed","template":"","meta":{"_et_pb_use_builder":"","_et_pb_old_content":"","_et_gb_content_width":""},"product_brand":[],"product_cat":[18],"product_tag":[],"class_list":{"0":"post-695","1":"product","2":"type-product","3":"status-publish","4":"has-post-thumbnail","6":"product_cat-stations-totales-robotisees","8":"first","9":"instock","10":"shipping-taxable","11":"product-type-simple"},"_links":{"self":[{"href":"https:\/\/africageomatic.com\/site\/wp-json\/wp\/v2\/product\/695","targetHints":{"allow":["GET"]}}],"collection":[{"href":"https:\/\/africageomatic.com\/site\/wp-json\/wp\/v2\/product"}],"about":[{"href":"https:\/\/africageomatic.com\/site\/wp-json\/wp\/v2\/types\/product"}],"replies":[{"embeddable":true,"href":"https:\/\/africageomatic.com\/site\/wp-json\/wp\/v2\/comments?post=695"}],"wp:featuredmedia":[{"embeddable":true,"href":"https:\/\/africageomatic.com\/site\/wp-json\/wp\/v2\/media\/327"}],"wp:attachment":[{"href":"https:\/\/africageomatic.com\/site\/wp-json\/wp\/v2\/media?parent=695"}],"wp:term":[{"taxonomy":"product_brand","embeddable":true,"href":"https:\/\/africageomatic.com\/site\/wp-json\/wp\/v2\/product_brand?post=695"},{"taxonomy":"product_cat","embeddable":true,"href":"https:\/\/africageomatic.com\/site\/wp-json\/wp\/v2\/product_cat?post=695"},{"taxonomy":"product_tag","embeddable":true,"href":"https:\/\/africageomatic.com\/site\/wp-json\/wp\/v2\/product_tag?post=695"}],"curies":[{"name":"wp","href":"https:\/\/api.w.org\/{rel}","templated":true}]}}