{"id":697,"date":"2023-12-06T17:43:30","date_gmt":"2023-12-06T17:43:30","guid":{"rendered":"https:\/\/myprinter-bf.com\/aGeo\/wpAgeo\/?post_type=product&#038;p=697"},"modified":"2024-01-26T09:56:19","modified_gmt":"2024-01-26T09:56:19","slug":"leica-gs10","status":"publish","type":"product","link":"https:\/\/africageomatic.com\/site\/product\/leica-gs10\/","title":{"rendered":"Leica GS10"},"content":{"rendered":"<p>Les r\u00e9cepteurs de haute pr\u00e9cision Leica Viva GS10 et GS25 combinent toutes les caract\u00e9ristiques qui permettent de fournir des performances de pointe, m\u00eame dans les conditions les plus exigeantes. Vous \u00eates assur\u00e9s d&rsquo;avoir les r\u00e9sultats les plus pr\u00e9cis lorsque vous vous appuyez sur la fiabilit\u00e9 de positionnement des Leica Viva GS10 et GS25. <\/p>\n<p>Garantissez votre succ\u00e8s d&rsquo;aujourd&rsquo;hui et de demain avec ces r\u00e9cepteurs GNSS extraordinaires, qui offrent des options de mise \u00e0 niveau des fonctionnalit\u00e9s pour suivre l&rsquo;avanc\u00e9e des syst\u00e8mes de positionnement par satellite. Quelle que soit la t\u00e2che en cours, vous appr\u00e9cierez la confiance qui vient d&rsquo;un travail bien fait avec les Leica Viva GS10 et GS25.<\/p>\n<p>Les r\u00e9cepteurs Leica Viva GS10 et GS25 sont \u00e9galement livr\u00e9s avec :<\/p>\n<p>Un logiciel attrayant<br \/>\nLes r\u00e9cepteurs Leica Viva GS10 et GS25 s&rsquo;accompagnent du logiciel r\u00e9volutionnaire Leica Captivate , qui transforme les donn\u00e9es complexes en mod\u00e8les 3D les plus r\u00e9alistes et les plus faciles \u00e0 travailler. Avec des applications simples d\u2019utilisation et une technologie tactile, vous pouvez visualiser toutes formes de donn\u00e9es mesur\u00e9es et de conception dans toutes les dimensions. Leica Captivate couvre des secteurs d\u2019activit\u00e9 vari\u00e9s, avec \u00e0 peine plus qu&rsquo;un touch\u00e9 du doigt, que vous travailliez avec un GNSS, une station totale ou les deux.<\/p>\n<p>Des possibilit\u00e9s infinies<br \/>\nPendant que Leica Captivate capture et mod\u00e9lise les donn\u00e9es sur le terrain, le logiciel Leica Infinity traite les informations au bureau. La fluidit\u00e9 du transfert de donn\u00e9es garantit que le projet progresse comme pr\u00e9vu. Leica Captivate et Leica Infinity travaillent conjointement pour rassembler les donn\u00e9es des lev\u00e9s ant\u00e9rieures et pour modifier les projets plus rapidement et plus efficacement.<\/p>\n<p>Service client accessible en un clic<br \/>\nAvec le programme Active Customer Care (ACC) , vous \u00eates \u00e0 un clic d&rsquo;un r\u00e9seau mondial de professionnels exp\u00e9riment\u00e9s, pr\u00eats \u00e0 vous guider en cas de probl\u00e8me.<\/p>\n<p>\u00c9liminez les retards gr\u00e2ce \u00e0 un service technique sup\u00e9rieur<br \/>\nTerminez vos travaux plus rapidement gr\u00e2ce \u00e0 l&rsquo;accompagnement de nos experts techniques<br \/>\n\u00c9vitez les retours co\u00fbteux sur les chantiers gr\u00e2ce au service en ligne qui permet d&rsquo;envoyer et de recevoir les donn\u00e9es directement du terrain<br \/>\nContr\u00f4lez vos d\u00e9penses avec un Contrat de Service Client Personnalis\u00e9 sur mesure qui vous assure d&rsquo;\u00eatre couvert partout, tout le temps.<\/p>\n<p>Des appareils portatifs puissants<br \/>\nAvec un carnet ou une tablette, emportez tout votre bureau avec vous et soyez pr\u00eat \u00e0 faire face \u00e0 n\u2019importe quel environnement, depuis le creux de votre main. Le carnet de terrain Leica CS20 et la tablette Leica CS35 fournissent un contr\u00f4le, un confort d&rsquo;utilisation, ainsi qu&rsquo;une parfaite mobilit\u00e9. L\u2019\u00e9cran tactile permet de manipuler les donn\u00e9es confortablement et rapidement, tandis que la visualisation 3D transforme votre exp\u00e9rience GNSS avec Leica Captivate.<\/p>\n","protected":false},"excerpt":{"rendered":"<p>Disponibilit\u00e9 du produit:\u00a0Produit en Stock<\/p>\n","protected":false},"featured_media":291,"comment_status":"open","ping_status":"closed","template":"","meta":{"_et_pb_use_builder":"","_et_pb_old_content":"","_et_gb_content_width":""},"product_brand":[],"product_cat":[19],"product_tag":[],"class_list":{"0":"post-697","1":"product","2":"type-product","3":"status-publish","4":"has-post-thumbnail","6":"product_cat-gps","8":"first","9":"instock","10":"shipping-taxable","11":"product-type-simple"},"_links":{"self":[{"href":"https:\/\/africageomatic.com\/site\/wp-json\/wp\/v2\/product\/697","targetHints":{"allow":["GET"]}}],"collection":[{"href":"https:\/\/africageomatic.com\/site\/wp-json\/wp\/v2\/product"}],"about":[{"href":"https:\/\/africageomatic.com\/site\/wp-json\/wp\/v2\/types\/product"}],"replies":[{"embeddable":true,"href":"https:\/\/africageomatic.com\/site\/wp-json\/wp\/v2\/comments?post=697"}],"wp:featuredmedia":[{"embeddable":true,"href":"https:\/\/africageomatic.com\/site\/wp-json\/wp\/v2\/media\/291"}],"wp:attachment":[{"href":"https:\/\/africageomatic.com\/site\/wp-json\/wp\/v2\/media?parent=697"}],"wp:term":[{"taxonomy":"product_brand","embeddable":true,"href":"https:\/\/africageomatic.com\/site\/wp-json\/wp\/v2\/product_brand?post=697"},{"taxonomy":"product_cat","embeddable":true,"href":"https:\/\/africageomatic.com\/site\/wp-json\/wp\/v2\/product_cat?post=697"},{"taxonomy":"product_tag","embeddable":true,"href":"https:\/\/africageomatic.com\/site\/wp-json\/wp\/v2\/product_tag?post=697"}],"curies":[{"name":"wp","href":"https:\/\/api.w.org\/{rel}","templated":true}]}}