{"id":700,"date":"2023-12-07T09:09:27","date_gmt":"2023-12-07T09:09:27","guid":{"rendered":"https:\/\/myprinter-bf.com\/aGeo\/wpAgeo\/?post_type=product&#038;p=700"},"modified":"2024-01-26T09:55:48","modified_gmt":"2024-01-26T09:55:48","slug":"leica-blk360-scanner-lase-3d","status":"publish","type":"product","link":"https:\/\/africageomatic.com\/site\/product\/leica-blk360-scanner-lase-3d\/","title":{"rendered":"LEICA BLK360 scanner lase 3D"},"content":{"rendered":"<p>Le Leica BLK360 capture l\u2019environnement avec des images panoramiques coloris\u00e9es recouvertes par un nuage de points tr\u00e8s pr\u00e9cis. Simple d\u2019utilisation avec une seule pression sur un bouton, le BLK360 est le plus petit et l\u00e9ger des scanners. Toute personne sachant utiliser un iPad peut d\u00e8s \u00e0 pr\u00e9sent mod\u00e9liser avec des images 3D panoramiques en haute r\u00e9solution.<\/p>\n<p>En utilisant le logiciel Leica Cyclone FIELD 360 ou l&rsquo;application mobile Autodesk ReCap Pro, le BLK360 transmet les donn\u00e9es d&rsquo;image et de nuages de points \u00e0 un iPad ou les donn\u00e9es finales du projet \u00e0 Cyclone REGISTER 360 via Wi-Fi. Avec des flux de travail automatis\u00e9s dans les deux offres logicielles, le BLK360 plus la solution logicielle de votre choix, simplifie et d\u00e9mocratise consid\u00e9rablement le processus de capture de la r\u00e9alit\u00e9, qui n&rsquo;est plus r\u00e9serv\u00e9 uniquement aux topographes. L&rsquo;exportation simple de fichiers LGS ou RCP permet de travailler avec les donn\u00e9es de nuages de points en aval dans les suites Leica Geosystems et Autodesk de mani\u00e8re simple et efficace, permettant aux utilisateurs de passer moins de temps \u00e0 traiter les donn\u00e9es et plus de temps \u00e0 cr\u00e9er des livrables significatifs.<\/p>\n<p>Leica BLK360 Scanner laser avec imagerie<\/p>\n<p>Vous permets de num\u00e9riser rapidement et en haute r\u00e9solution<\/p>\n<p>Poids 1kg \/ taille 165mm de long et 100 mm de diam\u00e8tre<\/p>\n<p>Moins de 3 minutes pour un scan complet de d\u00f4me (en r\u00e9solution standard) et 150MP d\u2019image sph\u00e9rique<\/p>\n<p>Laser scan de 360.000 points \u00e0 la seconde<\/p>\n<p>Image HDR et thermique<\/p>\n<p>Des offres logicielles adapt\u00e9es \u00e0 vos besoins<\/p>\n<p>Associ\u00e9 \u00e0 la nouvelle g\u00e9n\u00e9ration de logiciel d&rsquo;enregistrement de Lecia Geosystems, Cyclone REGISTER 360 s&rsquo;adresse aux utilisateurs qui souhaitent entreprendre des projets de moyenne \u00e0 grande \u00e9chelle.<\/p>\n<p>Tous les scanners laser d&rsquo;imagerie BLK360 sont livr\u00e9s avec un an de ReCap Pro pour ordinateur de bureau, web et mobile.<\/p>\n<p>Utilisez le BLK360 pour capturer, enregistrer et examiner automatiquement les donn\u00e9es de num\u00e9risation et d&rsquo;image, directement dans l&rsquo;application Cyclone FIELD 360 depuis n&rsquo;importe quel appareil mobile iOS ou Android. <\/p>\n<p>Vitesse<\/p>\n<p>Traitement \u00e0 la vol\u00e9e des images et des nuages de points sur le terrain et flux de travail des bureaux d&rsquo;enregistrement automatique avec Cyclone REGISTER 360.<\/p>\n<p>Portabilit\u00e9<\/p>\n<p>Flexibilit\u00e9 en scannant o\u00f9 vous souhaitez et quand vous voulez avec le plus petit et le plus l\u00e9ger des scanner qui se transporte dans une sacoche.<\/p>\n<p>Utilisation simple<\/p>\n<p>Un seul bouton pour lancer la num\u00e9risation ce qui renvoie et enregistre automatiquement les points dans la version mobile de ReCap Pro, en les transf\u00e9rant de mani\u00e8re facilement vers Cyclone REGISTER 360 par Wi-Fi pour le traitement final.<\/p>\n<p>Collaboration efficace<\/p>\n<p>Une collaboration et synchronisation instantan\u00e9ment n&rsquo;importe o\u00f9 avec une connexion internet.<\/p>\n<p>Collecte simplifi\u00e9e des donn\u00e9es<\/p>\n<p>Documentation d&rsquo;images \u00e0 360\u00ba et donn\u00e9es de balayage laser deux-en-un.<\/p>\n<p>Compatibilit\u00e9<\/p>\n<p>Enti\u00e8rement compatible avec la suite logicielle Leica Geosystems HDS et les solutions  Autodesk.<\/p>\n","protected":false},"excerpt":{"rendered":"<p>Disponibilit\u00e9 du produit:\u00a0Produit en Stock<\/p>\n","protected":false},"featured_media":283,"comment_status":"open","ping_status":"closed","template":"","meta":{"_et_pb_use_builder":"","_et_pb_old_content":"","_et_gb_content_width":""},"product_brand":[],"product_cat":[37],"product_tag":[],"class_list":{"0":"post-700","1":"product","2":"type-product","3":"status-publish","4":"has-post-thumbnail","6":"product_cat-scanner-3d","8":"first","9":"instock","10":"shipping-taxable","11":"product-type-simple"},"_links":{"self":[{"href":"https:\/\/africageomatic.com\/site\/wp-json\/wp\/v2\/product\/700","targetHints":{"allow":["GET"]}}],"collection":[{"href":"https:\/\/africageomatic.com\/site\/wp-json\/wp\/v2\/product"}],"about":[{"href":"https:\/\/africageomatic.com\/site\/wp-json\/wp\/v2\/types\/product"}],"replies":[{"embeddable":true,"href":"https:\/\/africageomatic.com\/site\/wp-json\/wp\/v2\/comments?post=700"}],"wp:featuredmedia":[{"embeddable":true,"href":"https:\/\/africageomatic.com\/site\/wp-json\/wp\/v2\/media\/283"}],"wp:attachment":[{"href":"https:\/\/africageomatic.com\/site\/wp-json\/wp\/v2\/media?parent=700"}],"wp:term":[{"taxonomy":"product_brand","embeddable":true,"href":"https:\/\/africageomatic.com\/site\/wp-json\/wp\/v2\/product_brand?post=700"},{"taxonomy":"product_cat","embeddable":true,"href":"https:\/\/africageomatic.com\/site\/wp-json\/wp\/v2\/product_cat?post=700"},{"taxonomy":"product_tag","embeddable":true,"href":"https:\/\/africageomatic.com\/site\/wp-json\/wp\/v2\/product_tag?post=700"}],"curies":[{"name":"wp","href":"https:\/\/api.w.org\/{rel}","templated":true}]}}