{"id":701,"date":"2023-12-07T09:12:44","date_gmt":"2023-12-07T09:12:44","guid":{"rendered":"https:\/\/myprinter-bf.com\/aGeo\/wpAgeo\/?post_type=product&#038;p=701"},"modified":"2024-01-26T09:55:32","modified_gmt":"2024-01-26T09:55:32","slug":"leica-rtc360-solution-de-capture-de-la-realite-3d","status":"publish","type":"product","link":"https:\/\/africageomatic.com\/site\/product\/leica-rtc360-solution-de-capture-de-la-realite-3d\/","title":{"rendered":"Leica RTC360 Solution de capture de la r\u00e9alit\u00e9 3D"},"content":{"rendered":"<p>La nouvelle solution scanner laser Leica RTC360 a \u00e9t\u00e9 con\u00e7ue pour capturer et documenter votre environnement en 3D. Ce tout nouveau scanner laser 3D petit, pr\u00e9cis compact et l\u00e9ger gr\u00e2ce \u00e0 sa conception portable, vous permet d&rsquo;am\u00e9liorer votre efficacit\u00e9 et votre productivit\u00e9 sur site comme au bureau. C&rsquo;est LA solution de capture 3D pour les professionnels travaillant sur des projets complexes n\u00e9cessitant des repr\u00e9sentations 3D pr\u00e9cises et fiables quelques soient les conditions sur site.<\/p>\n<p>Une solution portable, automatis\u00e9e, intuitive et con\u00e7ue pour une productivit\u00e9 optimale, la solution RTC360 combine un scanner laser 3D de haute performance avec la solution Leica Cyclone FIELD 360, une application mobile pour g\u00e9rer votre projet sur site en temps r\u00e9el. La solution int\u00e8gre \u00e9galement le logiciel de bureau Leica Cyclone REGISTER 360 pour int\u00e9grer vos mod\u00e8les 3D dans vos flux de travail avec la plus grande fluidit\u00e9.<br \/>\n R\u00e9alisez vos scans, en moins de deux minutes, avec vos images sp\u00e9riques en HDR.<br \/>\nEnregistrement automatique des positions en temps r\u00e9el sur site. Auto start &#038; stoppas d&rsquo;intervention manuelle de l&rsquo;utilisateur.<br \/>\nAm\u00e9liorez vos acquisitions terrain en ajoutant des marqueurs ou des balises \u00e0 vos projets, vous permettant ainsi une meilleure planification, une meilleure d\u00e9finition de la r\u00e9alit\u00e9 et une meilleure lecture de la r\u00e9alit\u00e9 sur site pour vos \u00e9quipes.<\/p>\n<p>Rapide<br \/>\nLe scanner laser Leica RTC360 permet de capturer la r\u00e9alit\u00e9 en 3D plus rapidement que jamais. Avec un taux de mesure allant jusqu&rsquo;\u00e0 2 millions de points par seconde et un syst\u00e8me d&rsquo;imagerie HDR avanc\u00e9, la cr\u00e9ation de nuages de points 3D color\u00e9s peut \u00eatre r\u00e9alis\u00e9e en moins de 2 minutes. L&rsquo;enregistrement automatis\u00e9 sans cible sur le terrain (bas\u00e9 sur la technologie Visual Inertial System &#8211; VIS) et le transfert de donn\u00e9es r\u00e9duisent le temps pass\u00e9 sur le terrain et maximisent la productivit\u00e9.<\/p>\n<p>Agile<br \/>\nPetit et l\u00e9ger gr\u00e2ce \u00e0 sa conception portable et \u00e0 son tr\u00e9pied repliable, le scanner Leica RTC360 est suffisamment compact pour tenir dans la plupart des sac \u00e0 dos, pr\u00eat \u00e0 \u00eatre emport\u00e9 n&rsquo;importe o\u00f9. Une fois sur site, le mode d&rsquo;utilisation \u00e0 un seul bouton permet une num\u00e9risation rapide et simple.<\/p>\n<p>Pr\u00e9cis<br \/>\nLes donn\u00e9es \u00e0 faible interf\u00e9rence permettent d&rsquo;obtenir de meilleures images, donnant lieu \u00e0 des num\u00e9risations nettes et de haute qualit\u00e9, riches en d\u00e9tails et pouvant \u00eatre utilis\u00e9es dans un grand nombre d&rsquo;applications. Combin\u00e9 au logiciel Cyclone FIELD 360 pour l&rsquo;enregistrement automatis\u00e9 sur le terrain, le scanner Leica RTC360 offre une pr\u00e9cision exceptionnelle qui peut \u00eatre v\u00e9rifi\u00e9e sur place.<\/p>\n<p>Pr\u00e9-enregistrement des scans directement sur site<br \/>\nDans le cadre du d\u00e9ploiement de sa toute nouvelle solution de capture de la r\u00e9alit\u00e9 3D, Leica Geosystems propose une application mobile Leica Cyclone Field 360, LA solution id\u00e9ale pour utiliser le tout nouveau scanner laser 3D Leica RTC360 sur site. A l&rsquo;aide de son interface utilisateur particuli\u00e8rement intuitive, le pilotage du scanner \u00e0 distance, l&rsquo;affichage des nuages de points sur le terrain, la navigation, sont un jeu d&rsquo;enfant &#8211; m\u00eame pour les utilisateurs novices.<\/p>\n","protected":false},"excerpt":{"rendered":"<p>Disponibilit\u00e9 du produit:\u00a0Produit en Stock<\/p>\n","protected":false},"featured_media":311,"comment_status":"open","ping_status":"closed","template":"","meta":{"_et_pb_use_builder":"","_et_pb_old_content":"","_et_gb_content_width":""},"product_brand":[],"product_cat":[37],"product_tag":[],"class_list":{"0":"post-701","1":"product","2":"type-product","3":"status-publish","4":"has-post-thumbnail","6":"product_cat-scanner-3d","8":"first","9":"instock","10":"shipping-taxable","11":"product-type-simple"},"_links":{"self":[{"href":"https:\/\/africageomatic.com\/site\/wp-json\/wp\/v2\/product\/701","targetHints":{"allow":["GET"]}}],"collection":[{"href":"https:\/\/africageomatic.com\/site\/wp-json\/wp\/v2\/product"}],"about":[{"href":"https:\/\/africageomatic.com\/site\/wp-json\/wp\/v2\/types\/product"}],"replies":[{"embeddable":true,"href":"https:\/\/africageomatic.com\/site\/wp-json\/wp\/v2\/comments?post=701"}],"wp:featuredmedia":[{"embeddable":true,"href":"https:\/\/africageomatic.com\/site\/wp-json\/wp\/v2\/media\/311"}],"wp:attachment":[{"href":"https:\/\/africageomatic.com\/site\/wp-json\/wp\/v2\/media?parent=701"}],"wp:term":[{"taxonomy":"product_brand","embeddable":true,"href":"https:\/\/africageomatic.com\/site\/wp-json\/wp\/v2\/product_brand?post=701"},{"taxonomy":"product_cat","embeddable":true,"href":"https:\/\/africageomatic.com\/site\/wp-json\/wp\/v2\/product_cat?post=701"},{"taxonomy":"product_tag","embeddable":true,"href":"https:\/\/africageomatic.com\/site\/wp-json\/wp\/v2\/product_tag?post=701"}],"curies":[{"name":"wp","href":"https:\/\/api.w.org\/{rel}","templated":true}]}}