{"id":702,"date":"2023-12-07T09:14:33","date_gmt":"2023-12-07T09:14:33","guid":{"rendered":"https:\/\/myprinter-bf.com\/aGeo\/wpAgeo\/?post_type=product&#038;p=702"},"modified":"2024-01-26T09:52:17","modified_gmt":"2024-01-26T09:52:17","slug":"niveau-automatique-leica-na720","status":"publish","type":"product","link":"https:\/\/africageomatic.com\/site\/product\/niveau-automatique-leica-na720\/","title":{"rendered":"Niveau automatique Leica NA720"},"content":{"rendered":"<p>Le niveau automatique Leica NA720 est extr\u00eamement populaire dans l&rsquo;industrie de la construction \u00e9tant connu pour sa robustesse et sa pr\u00e9cision accrues lors de travaux dans des environnements difficiles.<\/p>\n<p>Les dangers sur site tels que la chute au sol d&rsquo;une faible hauteur, l&rsquo;exposition \u00e0 l&rsquo;eau et les vibrations provoqu\u00e9es par des machines lourdes ne sont pas un probl\u00e8me pour le robuste Leica NA720. Sans avoir besoin de r\u00e9ajuster ce niveau, vous continuez \u00e0 travailler et \u00e0 mesurer avec pr\u00e9cision, jour apr\u00e8s jour.<\/p>\n<p>Le cercle horizontal et la bulle circulaire sont faciles \u00e0 lire, \u00e9tant tous deux plac\u00e9s \u00e0 c\u00f4t\u00e9 du t\u00e9lescope et du viseur externe permettant un ciblage facile. L&rsquo;image verticale est clairement affich\u00e9e et les disques sans fin double face permettent un ciblage rapide. Le NA720 est livr\u00e9 avec l&rsquo;une des meilleures optiques permettant des distances de mesure courtes, des mesures dans des conditions d&rsquo;\u00e9clairage d\u00e9favorables et une vis\u00e9e pr\u00e9cise.<\/p>\n<p>Les caract\u00e9ristiques accrues de robustesse et de robustesse du NA720 incluent l&rsquo;\u00e9tanch\u00e9it\u00e9 et la protection contre la poussi\u00e8re. Les joints \u00e9tanches et le t\u00e9lescope rempli de gaz offrent une protection contre les risques en cas de chute de l&rsquo;instrument dans l&rsquo;eau.<\/p>\n<p>Les caract\u00e9ristiques du Leica NA720 incluent:<br \/>\nGrossissement 20x<br \/>\nImage du t\u00e9lescope droit<br \/>\nT\u00e9lescope rempli de gaz<br \/>\nDiam\u00e8tre objectif 30 mm<br \/>\nDistance de mise au point courte de 50 cm<br \/>\nMesure d&rsquo;angle s\u00e9lectionnable \u00e0 360 degr\u00e9s \/ 400 gon<br \/>\nBulle circulaire de 10 \u2019\/ 2 mm<br \/>\nEntra\u00eenement horizontal sans fin<br \/>\nPr\u00e9cision de double course de 2,5 mm<br \/>\nPlage de travail de \u00b1 15 \u2019<br \/>\nR\u00e9sistant \u00e0 l&rsquo;eau<br \/>\n\u201320 \u00e0 +50 \u00b0 C de temp\u00e9rature de fonctionnement<\/p>\n","protected":false},"excerpt":{"rendered":"<p>Disponibilit\u00e9 du produit:\u00a0Produit en Stock<\/p>\n","protected":false},"featured_media":304,"comment_status":"open","ping_status":"closed","template":"","meta":{"_et_pb_use_builder":"","_et_pb_old_content":"","_et_gb_content_width":""},"product_brand":[],"product_cat":[20],"product_tag":[],"class_list":{"0":"post-702","1":"product","2":"type-product","3":"status-publish","4":"has-post-thumbnail","6":"product_cat-niveux-automatiques","8":"first","9":"instock","10":"shipping-taxable","11":"product-type-simple"},"_links":{"self":[{"href":"https:\/\/africageomatic.com\/site\/wp-json\/wp\/v2\/product\/702","targetHints":{"allow":["GET"]}}],"collection":[{"href":"https:\/\/africageomatic.com\/site\/wp-json\/wp\/v2\/product"}],"about":[{"href":"https:\/\/africageomatic.com\/site\/wp-json\/wp\/v2\/types\/product"}],"replies":[{"embeddable":true,"href":"https:\/\/africageomatic.com\/site\/wp-json\/wp\/v2\/comments?post=702"}],"wp:featuredmedia":[{"embeddable":true,"href":"https:\/\/africageomatic.com\/site\/wp-json\/wp\/v2\/media\/304"}],"wp:attachment":[{"href":"https:\/\/africageomatic.com\/site\/wp-json\/wp\/v2\/media?parent=702"}],"wp:term":[{"taxonomy":"product_brand","embeddable":true,"href":"https:\/\/africageomatic.com\/site\/wp-json\/wp\/v2\/product_brand?post=702"},{"taxonomy":"product_cat","embeddable":true,"href":"https:\/\/africageomatic.com\/site\/wp-json\/wp\/v2\/product_cat?post=702"},{"taxonomy":"product_tag","embeddable":true,"href":"https:\/\/africageomatic.com\/site\/wp-json\/wp\/v2\/product_tag?post=702"}],"curies":[{"name":"wp","href":"https:\/\/api.w.org\/{rel}","templated":true}]}}