{"id":704,"date":"2023-12-07T09:18:59","date_gmt":"2023-12-07T09:18:59","guid":{"rendered":"https:\/\/myprinter-bf.com\/aGeo\/wpAgeo\/?post_type=product&#038;p=704"},"modified":"2024-01-26T09:49:06","modified_gmt":"2024-01-26T09:49:06","slug":"leica-na2-nak2-automatique-niveaux-optiques","status":"publish","type":"product","link":"https:\/\/africageomatic.com\/site\/product\/leica-na2-nak2-automatique-niveaux-optiques\/","title":{"rendered":"Leica NA2 &#038; NAK2 automatique, niveaux optiques"},"content":{"rendered":"<p>Le niveau optique le plus r\u00e9sistant sur le terrain.<br \/>\nLeica NA2 &#038; NAK2 automatique, niveaux optiques<br \/>\nNiveau automatique universel<br \/>\nLe Leica NA2 et le Leica NAK2 sont deux niveaux automatiques r\u00e9pondant \u00e0 toutes les exigences du nivellement de pr\u00e9cision. Si vous avez \u00e0 faire des nivellements de routine sur des chantiers de construction, de v\u00e9rifier ou de surveiller des b\u00e2timents, des voies routi\u00e8res ou ferroviaires, avec les niveaux Leica NA vous avez toujours le bon outil \u00e0 port\u00e9e de main.<\/p>\n<p>La plus haute pr\u00e9cision et fiabilit\u00e9<br \/>\nObtenez des r\u00e9sultats de nivellement fiables et pr\u00e9cis, m\u00eame les jours ensoleill\u00e9s. La haute qualit\u00e9 optique de Leica Geosystems offre toujours une image contrast\u00e9e et une lecture pr\u00e9cise et facile, m\u00eame dans des conditions d&rsquo;\u00e9clairage d\u00e9favorables. Gr\u00e2ce \u00e0 une forte stabilit\u00e9 \u00e0 la temp\u00e9rature, les niveaux Leica NA fournissent toujours des r\u00e9sultats fiables et sont insensibles aux rayons du soleil.<\/p>\n<p>Mise en station et emploi : la simplicit\u00e9 m\u00eame !<br \/>\nAugmentez votre efficacit\u00e9 et gagnez du temps avec la mise en station rapide des niveaux Leica NA. La mise au point de l\u2019image s\u2019accomplit ais\u00e9ment \u00e0 l\u2019aide du bouton de mise au point pour un r\u00e9glage rapide. La mise au point de l\u2019image est parfaite \u00e0 l\u2019aide du bouton de mise au point. Pour contr\u00f4ler le fonctionnement du compensateur, appuyez simplement sur le bouton-poussoir. Cette v\u00e9rification prendra moins d&rsquo;une seconde et vous donnera un niveau de s\u00e9curit\u00e9 optimal !<\/p>\n","protected":false},"excerpt":{"rendered":"<p>Disponibilit\u00e9 du produit:\u00a0Produit en Stock<\/p>\n","protected":false},"featured_media":273,"comment_status":"open","ping_status":"closed","template":"","meta":{"_et_pb_use_builder":"","_et_pb_old_content":"","_et_gb_content_width":""},"product_brand":[],"product_cat":[20],"product_tag":[],"class_list":{"0":"post-704","1":"product","2":"type-product","3":"status-publish","4":"has-post-thumbnail","6":"product_cat-niveux-automatiques","8":"first","9":"instock","10":"shipping-taxable","11":"purchasable","12":"product-type-simple"},"_links":{"self":[{"href":"https:\/\/africageomatic.com\/site\/wp-json\/wp\/v2\/product\/704","targetHints":{"allow":["GET"]}}],"collection":[{"href":"https:\/\/africageomatic.com\/site\/wp-json\/wp\/v2\/product"}],"about":[{"href":"https:\/\/africageomatic.com\/site\/wp-json\/wp\/v2\/types\/product"}],"replies":[{"embeddable":true,"href":"https:\/\/africageomatic.com\/site\/wp-json\/wp\/v2\/comments?post=704"}],"wp:featuredmedia":[{"embeddable":true,"href":"https:\/\/africageomatic.com\/site\/wp-json\/wp\/v2\/media\/273"}],"wp:attachment":[{"href":"https:\/\/africageomatic.com\/site\/wp-json\/wp\/v2\/media?parent=704"}],"wp:term":[{"taxonomy":"product_brand","embeddable":true,"href":"https:\/\/africageomatic.com\/site\/wp-json\/wp\/v2\/product_brand?post=704"},{"taxonomy":"product_cat","embeddable":true,"href":"https:\/\/africageomatic.com\/site\/wp-json\/wp\/v2\/product_cat?post=704"},{"taxonomy":"product_tag","embeddable":true,"href":"https:\/\/africageomatic.com\/site\/wp-json\/wp\/v2\/product_tag?post=704"}],"curies":[{"name":"wp","href":"https:\/\/api.w.org\/{rel}","templated":true}]}}