{"id":710,"date":"2023-12-07T09:36:52","date_gmt":"2023-12-07T09:36:52","guid":{"rendered":"https:\/\/myprinter-bf.com\/aGeo\/wpAgeo\/?post_type=product&#038;p=710"},"modified":"2024-01-26T09:47:23","modified_gmt":"2024-01-26T09:47:23","slug":"leica-zeno-20-collecteur-sig","status":"publish","type":"product","link":"https:\/\/africageomatic.com\/site\/product\/leica-zeno-20-collecteur-sig\/","title":{"rendered":"Leica Zeno 20 Collecteur SIG"},"content":{"rendered":"<p>Collecte de donn\u00e9es simple et pr\u00e9cise dans un appareil robuste.<br \/>\nLeica Zeno20 &#8211; Collecteur SIG portable<br \/>\nLe Leica Zeno 20 simplifie la collecte des donn\u00e9es au quotidien pour les \u00e9quipes de terrain SIG Tire profit du concentr\u00e9 de technologie de pointe dans un appareil remarquablement compact.<\/p>\n<p>Si simple qu&rsquo;il devient votre outil indispensable.<br \/>\nSi pr\u00e9cis que vous \u00eates toujours s\u00fbr(e) de vous.<br \/>\nSi productif qu&rsquo;il va transformer votre journ\u00e9e de travail.<br \/>\nDe construction robuste, il r\u00e9siste aux conditions terrain les plus difficiles. Le Leica Zeno 20 est certifi\u00e9 IP67 (indice de protection \u00e0 l\u2019eau et \u00e0 la poussi\u00e8re) et s&rsquo;utilise partout  lorsque l&rsquo;on t\u00e9l\u00e9charge l&rsquo;application Android qui diffuse des positions GNSS RTK corrig\u00e9es.<\/p>\n<p>R\u00e9pond aux probl\u00e9matiques SIG du quotidien avec ses nouvelles technologies<br \/>\nL&rsquo;une des probl\u00e9matiques des \u00e9quipes de terrain SIG est de travailler dans des environnements GNSS difficiles. Collecter des donn\u00e9es de positionnement fiables et pr\u00e9cises est presque impossible dans ces zones mais les technologies novatrices d\u00e9velopp\u00e9es par Leica Geosystems et int\u00e9gr\u00e9es dans le collecteur Leica Zeno 20 le permettent.<\/p>\n<p>Apogeetec<br \/>\nM\u00eame dans les endroits clos, les zones couvertes, comme les for\u00eats denses, son antenne interne est capable de collecter des donn\u00e9es de positionnement pr\u00e9cises. Avec des performances maximales, il permet de collecter plus, et plus facilement.<br \/>\nGamtec<br \/>\nSoyez plus productif(ve), augmentez la s\u00e9curit\u00e9 de vos op\u00e9rateurs, et gagnez du temps avec le collector SIG Leica Zeno 20 combin\u00e9 au laserm\u00e8tre Leica DISTO S910. Termin\u00e9es les difficult\u00e9s pour mesurer des points dangereux et difficiles d\u2019acc\u00e8s quand vous visez simplement et collectez instantan\u00e9ment depuis n\u2019importe o\u00f9, n\u2019importe quand.<br \/>\nPlus de pr\u00e9cision, de gain de temps et de productivit\u00e9 gr\u00e2ce au collecteur SIG Leica Zeno 20 qui vous assure une meilleure r\u00e9ception satellitaire avec des signaux plus forts et une mesure laser pour les points inaccessibles. Cette solution SIG est compl\u00e8te et sans \u00e9gal.<\/p>\n<p>Leica Geosystems, Esri am\u00e9liore le SIG avec le Zeno Collector<br \/>\nLe leader dans la technologie de mesure a rejoint le leader de la technologie SIG afin d&rsquo;apporter une solution nouvelle dans la collection de donn\u00e9es mobile. ZenoCollector associe le robuste Leica Zeno 20 avec le performant Collector pour ArcGis. Avec le Collector pour ArcGis comme principale interface et  associ\u00e9 avec une souscription \u00e0 ArcGis Online, ZenoCollector permet:<\/p>\n<p>Economise du temps en synchronisant automatiquement les donn\u00e9es \u00e0 jour collect\u00e9es sur le terrain<br \/>\nAugmente la productivit\u00e9 car tous les op\u00e9rateurs ont acc\u00e8s aux derni\u00e8res donn\u00e9es collect\u00e9es sur le terrain<br \/>\nAm\u00e9liore la pr\u00e9cision gr\u00e2ce aux performances de son antenne GNSS de qualit\u00e9 professionnelle<\/p>\n<p>ZenoCollector permet \u00e0 nos \u00e9quipes en charge de la surveillance et de la maintenance de l&rsquo;a\u00e9roport  une facilit\u00e9 dans la gestion de collecte de donn\u00e9es gr\u00e2ce \u00e0 sa simplicit\u00e9 d&rsquo;utilisation rappelant celle d&rsquo;un smartphone ou d&rsquo;une tablette tactile, tout en garantissant l&rsquo;exactitude la pr\u00e9cision requise pour un site de cette envergure.<br \/>\n&#8211; Brian Haren, Coordinateur senior du programme SIG \u00e0 l&rsquo;a\u00e9roport International d&rsquo;Atlanta Hartfield-Jackson en G\u00e9orgie, Etats-Unis.<\/p>\n","protected":false},"excerpt":{"rendered":"<p>Disponibilit\u00e9 du produit:\u00a0Produit en Stock<\/p>\n","protected":false},"featured_media":274,"comment_status":"open","ping_status":"closed","template":"","meta":{"_et_pb_use_builder":"","_et_pb_old_content":"","_et_gb_content_width":""},"product_brand":[],"product_cat":[23],"product_tag":[],"class_list":{"0":"post-710","1":"product","2":"type-product","3":"status-publish","4":"has-post-thumbnail","6":"product_cat-sig-collecteurs-de-donnees","8":"first","9":"instock","10":"shipping-taxable","11":"purchasable","12":"product-type-simple"},"_links":{"self":[{"href":"https:\/\/africageomatic.com\/site\/wp-json\/wp\/v2\/product\/710","targetHints":{"allow":["GET"]}}],"collection":[{"href":"https:\/\/africageomatic.com\/site\/wp-json\/wp\/v2\/product"}],"about":[{"href":"https:\/\/africageomatic.com\/site\/wp-json\/wp\/v2\/types\/product"}],"replies":[{"embeddable":true,"href":"https:\/\/africageomatic.com\/site\/wp-json\/wp\/v2\/comments?post=710"}],"wp:featuredmedia":[{"embeddable":true,"href":"https:\/\/africageomatic.com\/site\/wp-json\/wp\/v2\/media\/274"}],"wp:attachment":[{"href":"https:\/\/africageomatic.com\/site\/wp-json\/wp\/v2\/media?parent=710"}],"wp:term":[{"taxonomy":"product_brand","embeddable":true,"href":"https:\/\/africageomatic.com\/site\/wp-json\/wp\/v2\/product_brand?post=710"},{"taxonomy":"product_cat","embeddable":true,"href":"https:\/\/africageomatic.com\/site\/wp-json\/wp\/v2\/product_cat?post=710"},{"taxonomy":"product_tag","embeddable":true,"href":"https:\/\/africageomatic.com\/site\/wp-json\/wp\/v2\/product_tag?post=710"}],"curies":[{"name":"wp","href":"https:\/\/api.w.org\/{rel}","templated":true}]}}