{"id":712,"date":"2023-12-07T09:47:07","date_gmt":"2023-12-07T09:47:07","guid":{"rendered":"https:\/\/myprinter-bf.com\/aGeo\/wpAgeo\/?post_type=product&#038;p=712"},"modified":"2024-01-26T09:42:59","modified_gmt":"2024-01-26T09:42:59","slug":"leica-zeno-gg04-la-smartantenne","status":"publish","type":"product","link":"https:\/\/africageomatic.com\/site\/product\/leica-zeno-gg04-la-smartantenne\/","title":{"rendered":"Leica Zeno GG04 la SmartAntenne"},"content":{"rendered":"<p>Leica Zeno GG04 la SmartAntenne pour collecter des donn\u00e9es de pr\u00e9cisions partout dans le monde<br \/>\nUtilisez votre appareil et obtenez une pr\u00e9cision de pointe o\u00f9 que vous soyez<\/p>\n<p>Leica Zeno GG04 Plus<br \/>\nRecueillir des donn\u00e9es g\u00e9ospatiales de haute pr\u00e9cision sur votre smartphone ou votre tablette n&rsquo;a jamais \u00e9t\u00e9 aussi simple.<\/p>\n<p>La derni\u00e8re innovation de la gamme Leica Zeno se couple avec tous les syst\u00e8mes portatifs existant ainsi qu&rsquo;une large gamme de smartphones et tablettes Android, Apple or Windows\u00ae et vous apporte une technologie GNSS de pointe et une puissance de tracking 555 canaux. <\/p>\n<p>La SmartAntenne performante, robuste et simple d&rsquo;utilisation, utilise la technologies RTK mais aussi le Positionnement Pr\u00e9cis des Points (PPP), ce qui rend possible la collecte de donn\u00e9es en temps r\u00e9el, de haute pr\u00e9cision dans les endroits les plus exigeants sans connexion internet mobile de donn\u00e9es<\/p>\n<p>Avec son design compact et l\u00e9ger et sa durabilit\u00e9 IP68, vous pouvez travailler plus dans toutes les conditions. Le monde du SIG prend vie au bout de vos doigts.<\/p>\n<p>Ind\u00e9pendance<\/p>\n<p>S&rsquo;utilise avec votre smartphone et\/ou votre tablette existant(e)<br \/>\nDisponible sous Android, Apple et Windows\u00ae<br \/>\nLa connectivit\u00e9 Bluetooth\u00ae garantit un fonctionnement sans c\u00e2ble<br \/>\nAugmente les performance de tracking<\/p>\n<p>555 canauxqui prend un charge un plus grand nombre de satellites.<br \/>\nTechnologie GNSS de pointe<br \/>\nPr\u00eat pour des d\u00e9veloppements GNSS futurs<br \/>\nPositionnement Pr\u00e9cis des Points (PPP)<\/p>\n<p>R\u00e9alise la collecte de donn\u00e9es de haute pr\u00e9cision sans connexion internet mobile<br \/>\nDisponible partout dans le monde, \u00e0 tout moment<br \/>\nSupprime la d\u00e9pendance au post traitement<br \/>\nPrise en charge logicielle \u00e9tendue<\/p>\n<p>Utilisez vos application et logiciels de collecte de donn\u00e9es pr\u00e9f\u00e9r\u00e9s<br \/>\nAucun effort de d\u00e9veloppement n&rsquo;est n\u00e9cessaire pour atteindre un positionnement pr\u00e9cis au centim\u00e8tre<br \/>\nFournit des messages NMEA sur diff\u00e9rents ports Bluetooth\u00ae permettant de revoir et classer les m\u00e9tadonn\u00e9es GNSS<br \/>\nConstruit pour durer<\/p>\n<p>L&rsquo;indice de protection aux liquides : IP68 assure une \u00e9tanch\u00e9it\u00e9 \u00e0 l&rsquo;eau et \u00e0 la poussi\u00e8re<br \/>\nPerformance en continu dans tous les environnements<br \/>\nBatterie journali\u00e8re<br \/>\nLogiciels Leica Geosystems<\/p>\n<p>Zeno Mobile<br \/>\nZeno Field, Zeno Connect<br \/>\nZeno Office<br \/>\nMobileMatriX<\/p>\n","protected":false},"excerpt":{"rendered":"<p>Disponibilit\u00e9 du produit:\u00a0Produit en Stock<\/p>\n","protected":false},"featured_media":338,"comment_status":"open","ping_status":"closed","template":"","meta":{"_et_pb_use_builder":"","_et_pb_old_content":"","_et_gb_content_width":""},"product_brand":[],"product_cat":[23],"product_tag":[],"class_list":{"0":"post-712","1":"product","2":"type-product","3":"status-publish","4":"has-post-thumbnail","6":"product_cat-sig-collecteurs-de-donnees","8":"first","9":"instock","10":"shipping-taxable","11":"product-type-simple"},"_links":{"self":[{"href":"https:\/\/africageomatic.com\/site\/wp-json\/wp\/v2\/product\/712","targetHints":{"allow":["GET"]}}],"collection":[{"href":"https:\/\/africageomatic.com\/site\/wp-json\/wp\/v2\/product"}],"about":[{"href":"https:\/\/africageomatic.com\/site\/wp-json\/wp\/v2\/types\/product"}],"replies":[{"embeddable":true,"href":"https:\/\/africageomatic.com\/site\/wp-json\/wp\/v2\/comments?post=712"}],"wp:featuredmedia":[{"embeddable":true,"href":"https:\/\/africageomatic.com\/site\/wp-json\/wp\/v2\/media\/338"}],"wp:attachment":[{"href":"https:\/\/africageomatic.com\/site\/wp-json\/wp\/v2\/media?parent=712"}],"wp:term":[{"taxonomy":"product_brand","embeddable":true,"href":"https:\/\/africageomatic.com\/site\/wp-json\/wp\/v2\/product_brand?post=712"},{"taxonomy":"product_cat","embeddable":true,"href":"https:\/\/africageomatic.com\/site\/wp-json\/wp\/v2\/product_cat?post=712"},{"taxonomy":"product_tag","embeddable":true,"href":"https:\/\/africageomatic.com\/site\/wp-json\/wp\/v2\/product_tag?post=712"}],"curies":[{"name":"wp","href":"https:\/\/api.w.org\/{rel}","templated":true}]}}