{"id":714,"date":"2023-12-07T09:56:04","date_gmt":"2023-12-07T09:56:04","guid":{"rendered":"https:\/\/myprinter-bf.com\/aGeo\/wpAgeo\/?post_type=product&#038;p=714"},"modified":"2024-01-26T09:42:31","modified_gmt":"2024-01-26T09:42:31","slug":"leica-aibot-sx-systeme-de-drone-pour-la-topographie","status":"publish","type":"product","link":"https:\/\/africageomatic.com\/site\/product\/leica-aibot-sx-systeme-de-drone-pour-la-topographie\/","title":{"rendered":"Leica Aibot SX \u2013 Syst\u00e8me de drone pour la Topographie"},"content":{"rendered":"<p>Num\u00e9risez votre site rapidement pour cr\u00e9er des orthophotos, des nuages \u200b\u200bde points et des mod\u00e8les 3D pour le lev\u00e9 cadastral et l&rsquo;inspection des infrastructures<\/p>\n<p>Leica Aibot<br \/>\nLes lev\u00e9s professionnels, la cartographie g\u00e9ographique et l\u2019inspection des infrastructures sont des processus dynamiques et la base de nombreux projets d\u2019ing\u00e9nierie. La solution Leica Aibot SX apporte des am\u00e9liorations \u00e0 l\u2019industrie topographique en enregistrant des donn\u00e9es plus rapidement pour g\u00e9n\u00e9rer des orthophotos pr\u00e9cises, des mod\u00e8les 3D et des nuages de points en haute densit\u00e9.<\/p>\n<p>Une planification efficace des vols simplifie les param\u00e8tres essentiels de la photogramm\u00e9trie professionnelle. Le lev\u00e9 avec des drones s\u2019est r\u00e9v\u00e9l\u00e9 plus rapide, plus s\u00fbr et plus rentable que les m\u00e9thodes de lev\u00e9 traditionnelles, ce qui en fait un compl\u00e9ment parfait au panel de mat\u00e9riel de lev\u00e9 traditionnel. Les param\u00e8tres de vol du Leica Aibot SX peuvent \u00eatre optimis\u00e9s pour chaque application, allant de l\u2019identification des limites de propri\u00e9t\u00e9 gr\u00e2ce \u00e0 la cartographie topographique, aux assurances pour les estimations de prix et la classification.<\/p>\n<p>Leica Aibot SX am\u00e9liore l\u2019efficacit\u00e9 :<br \/>\nAch\u00e8vement rapide du projet gr\u00e2ce \u00e0 des configurations moindres<br \/>\nHaute r\u00e9solution et pr\u00e9cision<br \/>\nTransfert des donn\u00e9es du lev\u00e9 du site au bureau<br \/>\nEnregistre et stocke des informations d\u2019un endroit \u00e0 un moment donn\u00e9<br \/>\nAibot<\/p>\n<p>Cartographie 3D<br \/>\nAvec les millions de points enregistr\u00e9s, les op\u00e9rateurs, les entrepreneurs et les topographes peuvent g\u00e9n\u00e9rer des nuages 3D pr\u00e9cis avec Leica Infinity en utilisant un logiciel facile \u00e0 utiliser comme 3D Reshaper d\u2019Hexagon pour analyser, \u00e9valuer et fournir une image num\u00e9rique de la r\u00e9alit\u00e9.<br \/>\nInspection des infrastructures<\/p>\n<p>L\u2019inspection traditionnelle des infrastructures distantes telles que les ponts, les lignes de transport et les r\u00e9seaux ferroviaires est une entreprise dangereuse et fastidieuse. Les drones peuvent atteindre et inspecter des infrastructures \u00e0 distance pour assurer la s\u00e9curit\u00e9 du personnel et accro\u00eetre l\u2019efficacit\u00e9 du d\u00e9ploiement afin d\u2019\u00e9viter des fermetures de s\u00e9curit\u00e9 co\u00fbteuses.<\/p>\n<p>Lev\u00e9 cadastral<\/p>\n<p>Les relev\u00e9s terrestre et cadastral de zones locales telles les nouveaux am\u00e9nagement urbains et les banlieues sont des projets id\u00e9aux pour la capture de donn\u00e9es par drone. Des orthophotos pr\u00e9cises \u00e0 haute r\u00e9solution fournissent une carte de base pour marquer les lignes de d\u00e9marcation, \u00e9valuer les propri\u00e9t\u00e9s et identifier les empi\u00e9tements.<\/p>\n","protected":false},"excerpt":{"rendered":"<p>Disponibilit\u00e9 du produit:\u00a0Produit en Stock<\/p>\n","protected":false},"featured_media":272,"comment_status":"open","ping_status":"closed","template":"","meta":{"_et_pb_use_builder":"","_et_pb_old_content":"","_et_gb_content_width":""},"product_brand":[],"product_cat":[24],"product_tag":[],"class_list":{"0":"post-714","1":"product","2":"type-product","3":"status-publish","4":"has-post-thumbnail","6":"product_cat-drones","8":"first","9":"instock","10":"shipping-taxable","11":"product-type-simple"},"_links":{"self":[{"href":"https:\/\/africageomatic.com\/site\/wp-json\/wp\/v2\/product\/714","targetHints":{"allow":["GET"]}}],"collection":[{"href":"https:\/\/africageomatic.com\/site\/wp-json\/wp\/v2\/product"}],"about":[{"href":"https:\/\/africageomatic.com\/site\/wp-json\/wp\/v2\/types\/product"}],"replies":[{"embeddable":true,"href":"https:\/\/africageomatic.com\/site\/wp-json\/wp\/v2\/comments?post=714"}],"wp:featuredmedia":[{"embeddable":true,"href":"https:\/\/africageomatic.com\/site\/wp-json\/wp\/v2\/media\/272"}],"wp:attachment":[{"href":"https:\/\/africageomatic.com\/site\/wp-json\/wp\/v2\/media?parent=714"}],"wp:term":[{"taxonomy":"product_brand","embeddable":true,"href":"https:\/\/africageomatic.com\/site\/wp-json\/wp\/v2\/product_brand?post=714"},{"taxonomy":"product_cat","embeddable":true,"href":"https:\/\/africageomatic.com\/site\/wp-json\/wp\/v2\/product_cat?post=714"},{"taxonomy":"product_tag","embeddable":true,"href":"https:\/\/africageomatic.com\/site\/wp-json\/wp\/v2\/product_tag?post=714"}],"curies":[{"name":"wp","href":"https:\/\/api.w.org\/{rel}","templated":true}]}}