{"id":715,"date":"2023-12-07T10:10:33","date_gmt":"2023-12-07T10:10:33","guid":{"rendered":"https:\/\/myprinter-bf.com\/aGeo\/wpAgeo\/?post_type=product&#038;p=715"},"modified":"2024-01-26T09:37:09","modified_gmt":"2024-01-26T09:37:09","slug":"leica-disto-s910","status":"publish","type":"product","link":"https:\/\/africageomatic.com\/site\/product\/leica-disto-s910\/","title":{"rendered":"Leica Disto S910"},"content":{"rendered":"<p>Mesurez rapidement avec pr\u00e9cision les distances entre 2 points de n&rsquo;importe o\u00f9. Avec le Leica Disto S910, vous pourrez calculer des angles ou des surfaces complexes rapidement, cr\u00e9er vos fichier en format Dxf ou encore surfer sur le BIM ou les logiciels CAD.<\/p>\n<p>Base intelligente int\u00e9gr\u00e9e pour la technologie P2P : mesures complexes de distances, surfaces ou angles.<br \/>\nCam\u00e9ra num\u00e9rique zoom X4with 4x zoom for easy targeting<br \/>\nTechnologie X-Range : une port\u00e9e jusqu&rsquo;\u00e0 300m<br \/>\nInclinom\u00e8tre \u00e0 360\u00b0<br \/>\nRelev\u00e9 avec fichier Dxf<br \/>\nTransfert des points en temps r\u00e9el en WLAN<br \/>\nBluetooth\u00ae Smart<br \/>\nApp gratuite \u2013 Leica DISTO\u2122 sketch<\/p>\n<p>Mesurez d&rsquo;un point \u00e0 un autre avec la technologie P2P<br \/>\nLa Smart Base int\u00e9gr\u00e9e permet de mesurer des distances (par exemple des largeurs et des distances d&rsquo;attache) entre deux points, angles et inclinaisons en m\u00eame temps \u00e0 partir d&rsquo;un emplacement. Ainsi, vous n&rsquo;aurez plus jamais \u00e0 atteindre des zones inaccessibles, ce qui permet d&rsquo;effectuer m\u00eame rapidement, avec pr\u00e9cision et en toute s\u00e9curit\u00e9 les t\u00e2ches de mesure les plus complexes.<\/p>\n<p>Capturez les donn\u00e9es de mesure au format CAO<br \/>\nLe Leica DISTO \u2122 S910 peut enregistrer tous les points mesur\u00e9s dans un fichier DXF sous forme de plan d&rsquo;\u00e9tage, d&rsquo;agencement mural ou de coordonn\u00e9es de points 3D qui peuvent \u00eatre t\u00e9l\u00e9charg\u00e9s sur un PC via l&rsquo;interface USB. Raccourcissez le flux de travail, \u00e9conomisez de l&rsquo;argent et \u00e9vitez les erreurs: car il est enti\u00e8rement num\u00e9ris\u00e9. Les erreurs d&rsquo;\u00e9criture appartiennent au pass\u00e9.<\/p>\n<p> Transfert en temps r\u00e9el des donn\u00e9es ponctuelles<br \/>\nTransf\u00e9rez les donn\u00e9es de mesure directement sur site via l&rsquo;interface WLAN vers un ordinateur portable pour un traitement ult\u00e9rieur dans votre logiciel pr\u00e9f\u00e9r\u00e9. Cr\u00e9ez une documentation ou v\u00e9rifiez une mise en page en temps r\u00e9el et transmettez autant de points de mesure que vous le souhaitez &#8211; avec ou sans images.<\/p>\n<p> Port\u00e9e de 300 m avec la technologie X-Range Power<br \/>\nAvec la technologie X-Range Power innovante \u00e0 bord, le Leica DISTO \u2122 S910 repr\u00e9sente la technologie de mesure du futur. Il atteint des port\u00e9es jusqu&rsquo;\u00e0 300 m et garantit les meilleures performances de mesure m\u00eame aux objets peu r\u00e9fl\u00e9chissants.<\/p>\n","protected":false},"excerpt":{"rendered":"<p>Disponibilit\u00e9 du produit:\u00a0Produit en Stock<\/p>\n","protected":false},"featured_media":290,"comment_status":"open","ping_status":"closed","template":"","meta":{"_et_pb_use_builder":"","_et_pb_old_content":"","_et_gb_content_width":""},"product_brand":[],"product_cat":[25],"product_tag":[],"class_list":{"0":"post-715","1":"product","2":"type-product","3":"status-publish","4":"has-post-thumbnail","6":"product_cat-distometre","8":"first","9":"instock","10":"shipping-taxable","11":"purchasable","12":"product-type-simple"},"_links":{"self":[{"href":"https:\/\/africageomatic.com\/site\/wp-json\/wp\/v2\/product\/715","targetHints":{"allow":["GET"]}}],"collection":[{"href":"https:\/\/africageomatic.com\/site\/wp-json\/wp\/v2\/product"}],"about":[{"href":"https:\/\/africageomatic.com\/site\/wp-json\/wp\/v2\/types\/product"}],"replies":[{"embeddable":true,"href":"https:\/\/africageomatic.com\/site\/wp-json\/wp\/v2\/comments?post=715"}],"wp:featuredmedia":[{"embeddable":true,"href":"https:\/\/africageomatic.com\/site\/wp-json\/wp\/v2\/media\/290"}],"wp:attachment":[{"href":"https:\/\/africageomatic.com\/site\/wp-json\/wp\/v2\/media?parent=715"}],"wp:term":[{"taxonomy":"product_brand","embeddable":true,"href":"https:\/\/africageomatic.com\/site\/wp-json\/wp\/v2\/product_brand?post=715"},{"taxonomy":"product_cat","embeddable":true,"href":"https:\/\/africageomatic.com\/site\/wp-json\/wp\/v2\/product_cat?post=715"},{"taxonomy":"product_tag","embeddable":true,"href":"https:\/\/africageomatic.com\/site\/wp-json\/wp\/v2\/product_tag?post=715"}],"curies":[{"name":"wp","href":"https:\/\/api.w.org\/{rel}","templated":true}]}}