{"id":716,"date":"2023-12-07T10:12:52","date_gmt":"2023-12-07T10:12:52","guid":{"rendered":"https:\/\/myprinter-bf.com\/aGeo\/wpAgeo\/?post_type=product&#038;p=716"},"modified":"2024-01-26T09:38:09","modified_gmt":"2024-01-26T09:38:09","slug":"leica-disto-d810-touch","status":"publish","type":"product","link":"https:\/\/africageomatic.com\/site\/product\/leica-disto-d810-touch\/","title":{"rendered":"Leica Disto D810 Touch"},"content":{"rendered":"<p>Leica DISTO D810 Touch<br \/>\n\u00c9cran tactile et mesure sur \u00e9cran avec cam\u00e9ra &#8211; la solution la plus intelligente pour mesurer des objets inaccessibles de l&rsquo;ext\u00e9rieur.<\/p>\n<p>Leica DISTO D810 Touch le premier t\u00e9l\u00e9m\u00e8tre laser \u00e0 \u00e9cran tactile et mesure de l&rsquo;image \u00e0 l&rsquo;\u00e9cran ou technologie \u00abMesurer avec l&rsquo;image\u00bb. Tout utilisateur qui a tent\u00e9 de mesurer des distances horizontales \u00e0 distance ou dans un endroit inaccessible saura \u00e0 quel point c&rsquo;est difficile. Cette mesure laser Leica r\u00e9sout ce probl\u00e8me de la mani\u00e8re la plus simple &#8211; la mesure d&rsquo;image. Il est intuitif, rapide et pr\u00e9cis.<\/p>\n<p>Le DISTO D810 dispose de deux cam\u00e9ras int\u00e9gr\u00e9es dans l&rsquo;appareil de mesure laser &#8211; une nouvelle cam\u00e9ra grand angle haute r\u00e9solution facilite la documentation du projet &#8211; prenez simplement une photo pendant que vous mesurez, puis t\u00e9l\u00e9chargez-la via USB sur votre ordinateur. L&rsquo;interface de transfert de donn\u00e9es Bluetooth\u00ae Smart prend en charge les derni\u00e8res applications gratuites Leica DISTO Sketch disponibles sur la plate-forme Apple IOS et la derni\u00e8re plate-forme Android. Ce DISTO D810 li\u00e9 \u00e0 cette application peut garantir que des mesures pr\u00e9cises sont enregistr\u00e9es ainsi que rassembler les photos, les mesures et le plan de croquis dans un projet pour les renvoyer par e-mail au bureau.<\/p>\n<p>Le Leica Disto D810 peut \u00e9galement \u00eatre li\u00e9 \u00e0 n&rsquo;importe quel programme Windows 8 et \u00e0 n&rsquo;importe quel programme IOS. Cela garantit une opportunit\u00e9 maximale de se connecter \u00e0 la CAO, aux feuilles de calcul ou m\u00eame aux syst\u00e8mes de messagerie. Pour en savoir plus, appelez l&rsquo;\u00e9quipe technique au 0800 292 2188 pour une aide gratuite.<\/p>\n<p>L&rsquo;affichage tactile intuitif sur la mesure laser tactile D810 est enti\u00e8rement personnalisable pour permettre aux ic\u00f4nes les plus fr\u00e9quemment utilis\u00e9es d&rsquo;\u00eatre rapidement disponibles, tout comme avec les smartphones modernes. Les \u00e9crans d&rsquo;aide sont rapidement accessibles et offrent des conseils informatifs sur l&rsquo;utilisation de toutes les fonctions DISTO.<\/p>\n","protected":false},"excerpt":{"rendered":"<p>Disponibilit\u00e9 du produit:\u00a0Produit en Stock<\/p>\n","protected":false},"featured_media":276,"comment_status":"open","ping_status":"closed","template":"","meta":{"_et_pb_use_builder":"","_et_pb_old_content":"","_et_gb_content_width":""},"product_brand":[],"product_cat":[25],"product_tag":[],"class_list":{"0":"post-716","1":"product","2":"type-product","3":"status-publish","4":"has-post-thumbnail","6":"product_cat-distometre","8":"first","9":"instock","10":"shipping-taxable","11":"purchasable","12":"product-type-simple"},"_links":{"self":[{"href":"https:\/\/africageomatic.com\/site\/wp-json\/wp\/v2\/product\/716","targetHints":{"allow":["GET"]}}],"collection":[{"href":"https:\/\/africageomatic.com\/site\/wp-json\/wp\/v2\/product"}],"about":[{"href":"https:\/\/africageomatic.com\/site\/wp-json\/wp\/v2\/types\/product"}],"replies":[{"embeddable":true,"href":"https:\/\/africageomatic.com\/site\/wp-json\/wp\/v2\/comments?post=716"}],"wp:featuredmedia":[{"embeddable":true,"href":"https:\/\/africageomatic.com\/site\/wp-json\/wp\/v2\/media\/276"}],"wp:attachment":[{"href":"https:\/\/africageomatic.com\/site\/wp-json\/wp\/v2\/media?parent=716"}],"wp:term":[{"taxonomy":"product_brand","embeddable":true,"href":"https:\/\/africageomatic.com\/site\/wp-json\/wp\/v2\/product_brand?post=716"},{"taxonomy":"product_cat","embeddable":true,"href":"https:\/\/africageomatic.com\/site\/wp-json\/wp\/v2\/product_cat?post=716"},{"taxonomy":"product_tag","embeddable":true,"href":"https:\/\/africageomatic.com\/site\/wp-json\/wp\/v2\/product_tag?post=716"}],"curies":[{"name":"wp","href":"https:\/\/api.w.org\/{rel}","templated":true}]}}