{"id":717,"date":"2023-12-07T10:14:14","date_gmt":"2023-12-07T10:14:14","guid":{"rendered":"https:\/\/myprinter-bf.com\/aGeo\/wpAgeo\/?post_type=product&#038;p=717"},"modified":"2024-01-26T09:36:35","modified_gmt":"2024-01-26T09:36:35","slug":"leica-disto-d510","status":"publish","type":"product","link":"https:\/\/africageomatic.com\/site\/product\/leica-disto-d510\/","title":{"rendered":"Leica Disto D510"},"content":{"rendered":"<p>Les Leica DISTO sont des t\u00e9l\u00e9m\u00e8tres de pr\u00e9cision (LDM).<br \/>\nPlacez une DISTO au point A, appuyez sur le bouton ON \/ Dist pour activer le laser, dirigez le point laser vers le point B et appuyez \u00e0 nouveau sur le bouton On \/ Dist pour mesurer la distance entre les deux points<\/p>\n<p>DISTO se connecte \u00e0 des applications qui organisent et partagent des mesures. L&rsquo;application DISTO Plan est disponible gratuitement et DISTO fonctionne avec des applications sp\u00e9cialis\u00e9es con\u00e7ues pour tous, des \u00e9valuateurs immobiliers aux \u00e9b\u00e9nistes en passant par les architectes.<\/p>\n<p>Chaque DISTO est test\u00e9 individuellement et est livr\u00e9 avec son propre certificat d&rsquo;\u00e9talonnage qui fournit un enregistrement de r\u00e9f\u00e9rence de la pr\u00e9cision de chaque appareil le jour de sa sortie d&rsquo;usine.<\/p>\n<p>Mesurer principalement \u00e0 l&rsquo;int\u00e9rieur?<br \/>\nVous pr\u00e9f\u00e9rez un appareil compact et simple?<br \/>\nVous souhaitez utiliser votre appareil mobile pour enregistrer, organiser et partager des mesures?<br \/>\nId\u00e9al pour les bricoleurs, les agents immobiliers, les architectes d&rsquo;int\u00e9rieur ou toute personne souhaitant enregistrer, organiser et partager des mesures.<\/p>\n","protected":false},"excerpt":{"rendered":"<p>Disponibilit\u00e9 du produit:\u00a0Produit en Stock<\/p>\n","protected":false},"featured_media":287,"comment_status":"open","ping_status":"closed","template":"","meta":{"_et_pb_use_builder":"","_et_pb_old_content":"","_et_gb_content_width":""},"product_brand":[],"product_cat":[25],"product_tag":[],"class_list":{"0":"post-717","1":"product","2":"type-product","3":"status-publish","4":"has-post-thumbnail","6":"product_cat-distometre","8":"first","9":"instock","10":"shipping-taxable","11":"purchasable","12":"product-type-simple"},"_links":{"self":[{"href":"https:\/\/africageomatic.com\/site\/wp-json\/wp\/v2\/product\/717","targetHints":{"allow":["GET"]}}],"collection":[{"href":"https:\/\/africageomatic.com\/site\/wp-json\/wp\/v2\/product"}],"about":[{"href":"https:\/\/africageomatic.com\/site\/wp-json\/wp\/v2\/types\/product"}],"replies":[{"embeddable":true,"href":"https:\/\/africageomatic.com\/site\/wp-json\/wp\/v2\/comments?post=717"}],"wp:featuredmedia":[{"embeddable":true,"href":"https:\/\/africageomatic.com\/site\/wp-json\/wp\/v2\/media\/287"}],"wp:attachment":[{"href":"https:\/\/africageomatic.com\/site\/wp-json\/wp\/v2\/media?parent=717"}],"wp:term":[{"taxonomy":"product_brand","embeddable":true,"href":"https:\/\/africageomatic.com\/site\/wp-json\/wp\/v2\/product_brand?post=717"},{"taxonomy":"product_cat","embeddable":true,"href":"https:\/\/africageomatic.com\/site\/wp-json\/wp\/v2\/product_cat?post=717"},{"taxonomy":"product_tag","embeddable":true,"href":"https:\/\/africageomatic.com\/site\/wp-json\/wp\/v2\/product_tag?post=717"}],"curies":[{"name":"wp","href":"https:\/\/api.w.org\/{rel}","templated":true}]}}