{"id":718,"date":"2023-12-07T10:15:19","date_gmt":"2023-12-07T10:15:19","guid":{"rendered":"https:\/\/myprinter-bf.com\/aGeo\/wpAgeo\/?post_type=product&#038;p=718"},"modified":"2024-01-26T09:42:07","modified_gmt":"2024-01-26T09:42:07","slug":"leica-3d-disto","status":"publish","type":"product","link":"https:\/\/africageomatic.com\/site\/product\/leica-3d-disto\/","title":{"rendered":"Leica 3D Disto"},"content":{"rendered":"<p>Le 3D Disto Leica Geosystems est un instrument unique qui permet de capturer et de projeter des mesures tridimensionnelles exactes. La vitesse et la pr\u00e9cision du 3D Disto offrent une efficacit\u00e9 sans pr\u00e9c\u00e9dent pour les applications telles que :<br \/>\nLa cr\u00e9ation de mod\u00e8les de CAO\/DAO : la production sur une machine \u00e0 commande num\u00e9rique correspond exactement \u00e0 la qualit\u00e9 de votre fichier. Le 3D Disto est un pont entre la r\u00e9alit\u00e9 et la CAO\/DAO. Lorsque vous faites des d\u00e9coupes sur mesure et que vous savez que les mesures d&rsquo;origine sont exactes, vous pouvez d\u00e9couper les mat\u00e9riaux les plus on\u00e9reux en toute confiance.<\/p>\n<p>Visualisation 3D et navigation : Le logiciel Leica Disto 3D mis \u00e0 jour pour les appareils intelligents utilisant Windows\u00ae affiche maintenant les r\u00e9sultats en trois dimensions.<br \/>\nAvec la navigation en 3D, il est encore plus facile de v\u00e9rifier les points mesur\u00e9s.<\/p>\n<p>Acqu\u00e9rir des mesures conformes \u00e0 l&rsquo;ex\u00e9cution : Le meilleur moyen d&rsquo;\u00e9liminer les surprises ult\u00e9rieures dans un chantier consiste \u00e0 savoir d&rsquo;o\u00f9 vous partez. Le 3D Disto capture les coordonn\u00e9es en 3D exactes avec la pr\u00e9cision n\u00e9cessaire \u00e0 la planification. Si vous travaillez avec des mat\u00e9riaux on\u00e9reux, difficiles \u00e0 d\u00e9couper ou \u00e0 transporter, ou qui sont trait\u00e9s en dehors du chantier, vous savez que les mesures \u00ab conformes \u00e0 l&rsquo;ex\u00e9cution \u00bb sont essentielles.<\/p>\n<p>Mod\u00e9lisation des donn\u00e9es d&rsquo;un b\u00e2timent (BIM) : Transf\u00e9rez les donn\u00e9es DXF directement dans votre tablette Windows et utilisez le 3D Disto pour implanter les points d&rsquo;ancrage, pour transf\u00e9rer les hauteurs ou pour v\u00e9rifier les parties critiques des constructions.<\/p>\n<p>Une mesure, une d\u00e9coupe.<br \/>\nQuoi que vous fassiez avec votre 3D Disto, l&rsquo;exactitude est essentielle. Puisque la fonction d\u00e9termine la forme, le 3D Disto est un croisement entre une station totale robotis\u00e9e de g\u00e9om\u00e8tre et un DISTO portatif. <\/p>\n<p>Comme dans une station totale automatis\u00e9e, les axes de rotation horizontal et vertical du 3D Disto sont motoris\u00e9s : rapprochez manuellement le point laser du point de d\u00e9part ad\u00e9quat, visez \u00e0 l&rsquo;aide de la vid\u00e9o en tapotant votre cible \u00e0 l&rsquo;image sur l&rsquo;unit\u00e9 de commande ou sur une tablette Windows, puis regardez le 3D Disto op\u00e9rer les micro-ajustements jusqu&rsquo;\u00e0 ce que le point laser se trouve au centre de la croix.<\/p>\n<p>C&rsquo;est le laser qui r\u00e9colte les lauriers, mais pour prendre une mesure avec une exactitude de 1 mm \u00e0 10 m (\u00b11\/16\u201d \u00e0 33\u2019), le 3D Disto mesure l&rsquo;angle horizontal, l&rsquo;angle vertical et une distance en pente \u00e0 l&rsquo;aide d&rsquo;inclinom\u00e8tres emprunt\u00e9s \u00e0 nos stations totales, une technologie que Leica Geosystems affine depuis plus de 90 ans.<\/p>\n","protected":false},"excerpt":{"rendered":"<p>Disponibilit\u00e9 du produit:\u00a0Produit en Stock<\/p>\n","protected":false},"featured_media":280,"comment_status":"open","ping_status":"closed","template":"","meta":{"_et_pb_use_builder":"","_et_pb_old_content":"","_et_gb_content_width":""},"product_brand":[],"product_cat":[25],"product_tag":[],"class_list":{"0":"post-718","1":"product","2":"type-product","3":"status-publish","4":"has-post-thumbnail","6":"product_cat-distometre","8":"first","9":"instock","10":"shipping-taxable","11":"product-type-simple"},"_links":{"self":[{"href":"https:\/\/africageomatic.com\/site\/wp-json\/wp\/v2\/product\/718","targetHints":{"allow":["GET"]}}],"collection":[{"href":"https:\/\/africageomatic.com\/site\/wp-json\/wp\/v2\/product"}],"about":[{"href":"https:\/\/africageomatic.com\/site\/wp-json\/wp\/v2\/types\/product"}],"replies":[{"embeddable":true,"href":"https:\/\/africageomatic.com\/site\/wp-json\/wp\/v2\/comments?post=718"}],"wp:featuredmedia":[{"embeddable":true,"href":"https:\/\/africageomatic.com\/site\/wp-json\/wp\/v2\/media\/280"}],"wp:attachment":[{"href":"https:\/\/africageomatic.com\/site\/wp-json\/wp\/v2\/media?parent=718"}],"wp:term":[{"taxonomy":"product_brand","embeddable":true,"href":"https:\/\/africageomatic.com\/site\/wp-json\/wp\/v2\/product_brand?post=718"},{"taxonomy":"product_cat","embeddable":true,"href":"https:\/\/africageomatic.com\/site\/wp-json\/wp\/v2\/product_cat?post=718"},{"taxonomy":"product_tag","embeddable":true,"href":"https:\/\/africageomatic.com\/site\/wp-json\/wp\/v2\/product_tag?post=718"}],"curies":[{"name":"wp","href":"https:\/\/api.w.org\/{rel}","templated":true}]}}