{"id":719,"date":"2023-12-07T10:16:51","date_gmt":"2023-12-07T10:16:51","guid":{"rendered":"https:\/\/myprinter-bf.com\/aGeo\/wpAgeo\/?post_type=product&#038;p=719"},"modified":"2024-01-26T09:41:53","modified_gmt":"2024-01-26T09:41:53","slug":"leica-mc1","status":"publish","type":"product","link":"https:\/\/africageomatic.com\/site\/product\/leica-mc1\/","title":{"rendered":"Leica MC1"},"content":{"rendered":"<p>Pour supporter la num\u00e9risation des chantiers de construction, Leica Geosystems offre un logiciel r\u00e9volutionnaire pour toutes les solutions de guidage d&rsquo;engins. En consolidant toutes les applications des machines, le logiciel MC1 un-pour-tous est la solution qui permet de guider et d&rsquo;automatiser toutes les machines de construction.<\/p>\n<p>En comparant les mod\u00e8les dessin\u00e9s par rapport \u00e0 la position actuelle des machines, godets ou taille de la lame, le logiciel de guidage d&rsquo;engins MC1 assiste l&rsquo;op\u00e9rateur \u00e0 positionner la machine et \u00e0 r\u00e9aliser le dessin pr\u00e9vu. Le logiciel MC1 contr\u00f4le automatiquement la position de la machine, augmentant l&rsquo;efficacit\u00e9 des op\u00e9rateurs sur le terrain.<\/p>\n<p>Leica MC1 est embarqu\u00e9 dans le tr\u00e8s robuste \u00e9cran de contr\u00f4le MCP80 et sa s\u00e9rie de stations d&rsquo;accueil MDS assurant l&rsquo;interchangeabilit\u00e9 entre chaque machine d&rsquo;un chantier de construction. Le nouveau logiciel MC1 est enti\u00e8rement int\u00e9gr\u00e9 pour rentrer dans la cha\u00eene de traitement et est totalement pris en charge dans Leica ConX pour plus d&rsquo;efficacit\u00e9 de management dans les projets de construction.<\/p>\n<p>Am\u00e9lioration du traitement des donn\u00e9es<\/p>\n<p>Le logiciel MC1 simplifie le traitement des donn\u00e9es et est ouvert \u00e0 tous les standards de types de donn\u00e9es, permettant un flux de donn\u00e9es flexibles pour supporter des chaines de traitement partag\u00e9 sur un chantier. Toutes les machines sur le chantier de construction, comme la solution de terrain iCON site Leica Geosystems, partage d\u00e9sormais la m\u00eame structure de design de donn\u00e9es, ce qui \u00e9vite la conversion de donn\u00e9es. De plus, cela garantit, un transfert simplifi\u00e9 des donn\u00e9es entre les machines, op\u00e9rateurs de terrain sur le chantier, mais aussi avec le bureau.<\/p>\n<p>R\u00e9duit les co\u00fbts, augmente la productivit\u00e9<\/p>\n<p>La consistance du design du logiciel \u00e0 travers toutes les machines r\u00e9duit le temps de formation des clients et optimise leurs courbes d&rsquo;apprentissage. Le m\u00eame logiciel peut \u00eatre utilis\u00e9 avec diff\u00e9rentes configurations, ce qui am\u00e9liore la flexibilit\u00e9 et la formation. Le m\u00eame logiciel<\/p>\n<p>Une progression de travail simplifi\u00e9e<\/p>\n<p>Une interface graphique intuitive avec une conception personnalis\u00e9e qui permet \u00e0 nos clients de r\u00e9aliser leur travail plus rapidement et plus pr\u00e9cis\u00e9ment. L&rsquo;interface du logiciel est claire, \u00e9pur\u00e9e et propose des symboles simplifi\u00e9s qui aident les op\u00e9rateurs \u00e0 se concentrer sur les \u00e9tapes les plus importantes. Un syst\u00e8me de licence intelligent facilite les ajouts des diff\u00e9rentes solutions de machines, donnant aux utilisateurs une tr\u00e8s grande flexibilit\u00e9 de leurs solutions de guidage d&rsquo;engins.<\/p>\n","protected":false},"excerpt":{"rendered":"<p>Disponibilit\u00e9 du produit:\u00a0Produit en Stock<\/p>\n","protected":false},"featured_media":385,"comment_status":"open","ping_status":"closed","template":"","meta":{"_et_pb_use_builder":"","_et_pb_old_content":"","_et_gb_content_width":""},"product_brand":[],"product_cat":[26],"product_tag":[],"class_list":{"0":"post-719","1":"product","2":"type-product","3":"status-publish","4":"has-post-thumbnail","6":"product_cat-machine-control","8":"first","9":"instock","10":"shipping-taxable","11":"product-type-simple"},"_links":{"self":[{"href":"https:\/\/africageomatic.com\/site\/wp-json\/wp\/v2\/product\/719","targetHints":{"allow":["GET"]}}],"collection":[{"href":"https:\/\/africageomatic.com\/site\/wp-json\/wp\/v2\/product"}],"about":[{"href":"https:\/\/africageomatic.com\/site\/wp-json\/wp\/v2\/types\/product"}],"replies":[{"embeddable":true,"href":"https:\/\/africageomatic.com\/site\/wp-json\/wp\/v2\/comments?post=719"}],"wp:featuredmedia":[{"embeddable":true,"href":"https:\/\/africageomatic.com\/site\/wp-json\/wp\/v2\/media\/385"}],"wp:attachment":[{"href":"https:\/\/africageomatic.com\/site\/wp-json\/wp\/v2\/media?parent=719"}],"wp:term":[{"taxonomy":"product_brand","embeddable":true,"href":"https:\/\/africageomatic.com\/site\/wp-json\/wp\/v2\/product_brand?post=719"},{"taxonomy":"product_cat","embeddable":true,"href":"https:\/\/africageomatic.com\/site\/wp-json\/wp\/v2\/product_cat?post=719"},{"taxonomy":"product_tag","embeddable":true,"href":"https:\/\/africageomatic.com\/site\/wp-json\/wp\/v2\/product_tag?post=719"}],"curies":[{"name":"wp","href":"https:\/\/api.w.org\/{rel}","templated":true}]}}