{"id":720,"date":"2023-12-07T10:18:24","date_gmt":"2023-12-07T10:18:24","guid":{"rendered":"https:\/\/myprinter-bf.com\/aGeo\/wpAgeo\/?post_type=product&#038;p=720"},"modified":"2024-01-26T09:41:39","modified_gmt":"2024-01-26T09:41:39","slug":"leica-mcp80-mds","status":"publish","type":"product","link":"https:\/\/africageomatic.com\/site\/product\/leica-mcp80-mds\/","title":{"rendered":"Leica MCP80 &#038; MDS"},"content":{"rendered":"<p>L&rsquo;\u00e9cran de guidage Leica MCP80 coupl\u00e9 \u00e0 la station d&rsquo;accueil MDS est une machine de guidage d&rsquo;engins tout-en-un pour toutes les applications de grands travaux de construction.  Tout est compatible avec l&rsquo;\u00e9cran MCP80. <\/p>\n<p>L&rsquo;\u00e9cran de contr\u00f4le un pour tous<br \/>\nL&rsquo;\u00e9cran de guidage d&rsquo;engins MCP80 poss\u00e8de une interface commune pour toutes les applications de guidage d&rsquo;engins le rend interchangeable entre toutes les machines de construction. Les op\u00e9rateurs ont juste besoin d&rsquo;\u00eatre form\u00e9s sur un seul \u00e9cran 3D.<\/p>\n<p>Les donn\u00e9es sp\u00e9cifiques de la machine comme les valeurs d&rsquo;\u00e9talonnage et les param\u00e8tres hydrauliques sont enregistr\u00e9s dans la station d&rsquo;accueil. Cela permet l&rsquo;utilisation de l&rsquo;\u00e9cran sur une autre machine sans risque de perdre des donn\u00e9es de configuration. L&rsquo;op\u00e9rateur peut prendre l&rsquo;\u00e9cran personnalis\u00e9 d&rsquo;une machine \u00e0 une autre. <\/p>\n<p>R\u00e9sistent aux environnements des plus difficiles<br \/>\nL&rsquo;\u00e9cran de guidage d&rsquo;engins et la station d&rsquo;accueil ont un design et une structure robuste pour les environnements les plus difficiles. Toutes les connexions se branchent sur la station d&rsquo;accueil Leica MDS install\u00e9e en cabine, rendant le MCP80 enti\u00e8rement exempt de c\u00e2ble. La station et l&rsquo;\u00e9cran sont cass\u00e9s IP66 et IP67, ce qui signifie qu&rsquo;ils ont compl\u00e8tement prot\u00e9g\u00e9 contre la poussi\u00e8re et l&rsquo;eau. <\/p>\n<p>Simplicit\u00e9 d&rsquo;utilisation et personnalisable<br \/>\nAvec une conception ax\u00e9e sur le client, un \u00e9cran tactile 8\u00a0\u00bb couleurs et des touches r\u00e9tro\u00e9clair\u00e9es, le MCP80 est con\u00e7u pour apporter une simplicit\u00e9 d&rsquo;utilisation. Il se connecte \u00e0 la station d&rsquo;accueil pour une simplicit\u00e9 d&rsquo;utilisation. Leiac Geosystems propose 3 variantes de stations d&rsquo;accueil, le Leica MDS10, MDS20, MDS30, r\u00e9pondant aux besoins des clients dans le monde entier<\/p>\n","protected":false},"excerpt":{"rendered":"<p>Disponibilit\u00e9 du produit:\u00a0Produit en Stock<\/p>\n","protected":false},"featured_media":387,"comment_status":"open","ping_status":"closed","template":"","meta":{"_et_pb_use_builder":"","_et_pb_old_content":"","_et_gb_content_width":""},"product_brand":[],"product_cat":[26],"product_tag":[],"class_list":{"0":"post-720","1":"product","2":"type-product","3":"status-publish","4":"has-post-thumbnail","6":"product_cat-machine-control","8":"first","9":"instock","10":"shipping-taxable","11":"product-type-simple"},"_links":{"self":[{"href":"https:\/\/africageomatic.com\/site\/wp-json\/wp\/v2\/product\/720","targetHints":{"allow":["GET"]}}],"collection":[{"href":"https:\/\/africageomatic.com\/site\/wp-json\/wp\/v2\/product"}],"about":[{"href":"https:\/\/africageomatic.com\/site\/wp-json\/wp\/v2\/types\/product"}],"replies":[{"embeddable":true,"href":"https:\/\/africageomatic.com\/site\/wp-json\/wp\/v2\/comments?post=720"}],"wp:featuredmedia":[{"embeddable":true,"href":"https:\/\/africageomatic.com\/site\/wp-json\/wp\/v2\/media\/387"}],"wp:attachment":[{"href":"https:\/\/africageomatic.com\/site\/wp-json\/wp\/v2\/media?parent=720"}],"wp:term":[{"taxonomy":"product_brand","embeddable":true,"href":"https:\/\/africageomatic.com\/site\/wp-json\/wp\/v2\/product_brand?post=720"},{"taxonomy":"product_cat","embeddable":true,"href":"https:\/\/africageomatic.com\/site\/wp-json\/wp\/v2\/product_cat?post=720"},{"taxonomy":"product_tag","embeddable":true,"href":"https:\/\/africageomatic.com\/site\/wp-json\/wp\/v2\/product_tag?post=720"}],"curies":[{"name":"wp","href":"https:\/\/api.w.org\/{rel}","templated":true}]}}